{"id":32625,"date":"2023-04-12T06:48:09","date_gmt":"2023-04-12T03:48:09","guid":{"rendered":"https:\/\/mayclinik.com\/mayclinik-home\/"},"modified":"2025-03-18T11:58:00","modified_gmt":"2025-03-18T08:58:00","slug":"mayclinik-home","status":"publish","type":"page","link":"https:\/\/mayclinik.com\/tr\/","title":{"rendered":"Mayclinik Home"},"content":{"rendered":"\t\t<div data-elementor-type=\"wp-page\" data-elementor-id=\"32625\" class=\"elementor elementor-32625 elementor-19360\" data-elementor-post-type=\"page\">\n\t\t\t\t\t\t\t\t\t<div class=\"elementor-section elementor-top-section elementor-element elementor-element-b21acc8 elementor-section-boxed elementor-section-height-default elementor-section-height-default\" data-id=\"b21acc8\" data-element_type=\"section\">\n\t\t\t\t\t\t<div class=\"elementor-container elementor-column-gap-no\">\n\t\t\t\t\t<div class=\"elementor-column elementor-col-50 elementor-top-column elementor-element elementor-element-cda1529\" data-id=\"cda1529\" data-element_type=\"column\">\n\t\t\t<div class=\"elementor-widget-wrap elementor-element-populated\">\n\t\t\t\t\t\t\t\t<div class=\"elementor-element elementor-element-60ec523 elementor-widget__width-initial elementor-widget elementor-widget-text-editor\" data-id=\"60ec523\" data-element_type=\"widget\" data-widget_type=\"text-editor.default\">\n\t\t\t\t<div class=\"elementor-widget-container\">\n\t\t\t<style>\/*! elementor - v3.15.0 - 02-08-2023 *\/\n.elementor-widget-text-editor.elementor-drop-cap-view-stacked .elementor-drop-cap{background-color:#69727d;color:#fff}.elementor-widget-text-editor.elementor-drop-cap-view-framed .elementor-drop-cap{color:#69727d;border:3px solid;background-color:transparent}.elementor-widget-text-editor:not(.elementor-drop-cap-view-default) .elementor-drop-cap{margin-top:8px}.elementor-widget-text-editor:not(.elementor-drop-cap-view-default) .elementor-drop-cap-letter{width:1em;height:1em}.elementor-widget-text-editor .elementor-drop-cap{float:left;text-align:center;line-height:1;font-size:50px}.elementor-widget-text-editor .elementor-drop-cap-letter{display:inline-block}<\/style>\t\t\t\t<h2><span class=\"ez-toc-section\" id=\"mayclinik-may-saglik-turizm-hizmetleri-kimdir\"><\/span>MAYCLINIK (MAY SA\u011eLIK TUR\u0130ZM H\u0130ZMETLER\u0130) kimdir?<span class=\"ez-toc-section-end\"><\/span><\/h2><p>D\u00fcnyan\u0131n her bir \u00a0yan\u0131ndan \u00e7o\u011funlukla Avrupadan T\u00fcrkiye\u2019ye uluslararas\u0131 hasta organizasyonu ger\u00e7ekle\u015ftiren\u00a0<strong>MAYCLINIK( MAY SA\u011eLIK TUR\u0130ZM H\u0130ZMETLER\u0130)<\/strong>,\u00a0<strong>TURSAB<\/strong>\u2018a\u00a0<strong><em>(T\u00fcrkiye Seyahat Acentalar\u0131 Birli\u011fi)<\/em><\/strong> 11886 kodu ile \u00fcyeli\u011fi mevcut ve Sa\u011fl\u0131k Bakanl\u0131\u011f\u0131 Akreditasyonuna (AK-0086) sahip \u0130stanbul merkezli Almanya ve \u0130ngiltere&#8217;de ofisi bulunan bir sa\u011fl\u0131k turizmi \u015firketidir.<\/p><p>2017 y\u0131l\u0131nda kurulan\u00a0<strong>MAYCLINIK<\/strong>, yurt d\u0131\u015f\u0131ndan gelen misafirlerine kendi dilini konu\u015fabilen sa\u011fl\u0131k personeli ve terc\u00fcman arac\u0131l\u0131\u011f\u0131yla bulu\u015fturan ortalama ayl\u0131k 200 plastik cerrahi tedavisini ba\u015far\u0131yla ger\u00e7ekle\u015ftirmi\u015f ve \u00a0bir markaya d\u00f6n\u00fc\u015fm\u00fc\u015ft\u00fcr.<\/p><p><strong>MAYCLINIK,\u00a0<\/strong>misafirlerine\u00a0<em>plastik cerrahi, sa\u00e7 ekimi, di\u015f tedavileri, t\u00fcp mi\u011fde gibi kilo verme\u00a0<\/em>operasyonlar\u0131ndan olu\u015fmakla birlikte uluslararas\u0131 hastalar\u0131n ihtiyac\u0131na g\u00f6re hizmet alanlar\u0131 \u00e7e\u015fitlenmeye devam etmektedir.\u00a0<strong>\u201cG\u00fczellik Sizin Elinizde\u201d<\/strong>\u00a0slogan\u0131 ile yola \u00e7\u0131kan\u00a0<strong>MAYCLINIK<\/strong>\u2019in amac\u0131, en iyi hizmeti, en iyi fiyatlarla sa\u011flamak ve g\u00fczelli\u011fe herkesin eri\u015fimini m\u00fcmk\u00fcn k\u0131lmakt\u0131r.<\/p><p><em>Misafirlerine her zaman en iyi hizmeti veren MAYCLINIK; WhatClinic<\/em>\u00a0isimli \u00fcnl\u00fc bir \u0130ngiliz Arama Motoru 2019 y\u0131l\u0131nda En \u0130yi Hizmet \u00d6d\u00fcl\u00fc(Patient Service Award 2019) almaya hak kazanm\u0131\u015ft\u0131r, ba\u015far\u0131s\u0131n\u0131 \u00e7al\u0131\u015fanlar\u0131na, her biri kendi alan\u0131nda uzman hekimlerine ve birlikte \u00e7al\u0131\u015ft\u0131\u011f\u0131 hastanelere bor\u00e7ludur.<\/p><p><strong>MAYCLINIK\u2019in\u00a0<\/strong>anla\u015fmal\u0131 olarak \u00e7al\u0131\u015ft\u0131\u011f\u0131 t\u00fcm hastaneler\u00a0<em>Joint Commission International (JCI)<\/em>, International Organization for Standartization (ISO) gibi uluslararas\u0131 ge\u00e7erlili\u011fi olan sertifikalara sahiptir. Anla\u015fmal\u0131 oldu\u011fu doktorlar T\u00fcrkiye\u2019nin \u00f6nde gelen,\u00a0<strong>yurt d\u0131\u015f\u0131 tecr\u00fcbesi olan<\/strong>,\u00a0<strong>deneyimli<\/strong>\u00a0plastik cerrahlar\u0131, genel cerrahlar\u0131 ve di\u015f hekimleridir.<\/p><p><strong>MAYCLINIK<\/strong>\u00a0misafirlerini en iyi \u015fekilde anlamak ve yard\u0131mc\u0131 olmak i\u00e7in sa\u011fl\u0131k \u00f6z ge\u00e7mi\u015f bilgileri al\u0131nan hastalar, foto\u011fraflar ve g\u00f6r\u00fcnt\u00fcl\u00fc konu\u015fmalarla anla\u015fmal\u0131 oldu\u011fumuz alan\u0131nda uzman doktorlar\u0131m\u0131z taraf\u0131ndan tedavi planlar\u0131n\u0131 detayl\u0131\u00a0olarak \u00f6\u011frenirler.<\/p><p><strong>MAYCLINIK<\/strong>, misafirlerine en iyi hizmeti vermek i\u00e7in; havaliman\u0131 kar\u015f\u0131lama, VIP ara\u00e7 ile transfer, otel, dil bariyeri ya\u015famamak i\u00e7in\u00a0<em>7\/24 eri\u015filebilir hasta sorumlusu gibi \u00a0hizmetleri<\/em>\u00a0ile yurt d\u0131\u015f\u0131ndan gelen hastalar\u0131n\u0131n kendilerini tam olarak g\u00fcvende hissetmesini sa\u011flar.<\/p><p>Tedavi sonras\u0131nda hasta \u00fclkesine d\u00f6nd\u00fc\u011f\u00fcnde hastalar\u0131 ile d\u00fczenli olarak ileti\u015fiminde kalan\u00a0<strong>MAYCLINIK<\/strong>, tedavi olup \u00fclkesine d\u00f6nen hastalar\u0131n operasyon sonras\u0131 takibini de s\u00fcrd\u00fcr\u00fcr ve deste\u011fini devam ettirir.<\/p>\t\t\t\t\t\t<\/div>\n\t\t\t\t<\/div>\n\t\t\t\t\t<\/div>\n\t\t<\/div>\n\t\t\t\t<div class=\"elementor-column elementor-col-50 elementor-top-column elementor-element elementor-element-d45acaf\" data-id=\"d45acaf\" data-element_type=\"column\">\n\t\t\t<div class=\"elementor-widget-wrap elementor-element-populated\">\n\t\t\t\t\t\t\t\t<div class=\"elementor-element elementor-element-86e3dc6 elementor-widget elementor-widget-video\" data-id=\"86e3dc6\" data-element_type=\"widget\" data-settings=\"{&quot;youtube_url&quot;:&quot;https:\\\/\\\/www.youtube.com\\\/watch?v=cKzewf-8sJo&quot;,&quot;video_type&quot;:&quot;youtube&quot;,&quot;controls&quot;:&quot;yes&quot;}\" data-widget_type=\"video.default\">\n\t\t\t\t<div class=\"elementor-widget-container\">\n\t\t\t<style>\/*! elementor - v3.15.0 - 02-08-2023 *\/\n.elementor-widget-video .elementor-widget-container{overflow:hidden;transform:translateZ(0)}.elementor-widget-video .elementor-wrapper{aspect-ratio:var(--video-aspect-ratio)}.elementor-widget-video .elementor-wrapper iframe,.elementor-widget-video .elementor-wrapper video{height:100%;width:100%;display:flex;border:none;background-color:#000}@supports not (aspect-ratio:1\/1){.elementor-widget-video .elementor-wrapper{position:relative;overflow:hidden;height:0;padding-bottom:calc(100% \/ var(--video-aspect-ratio))}.elementor-widget-video .elementor-wrapper iframe,.elementor-widget-video .elementor-wrapper video{position:absolute;top:0;right:0;bottom:0;left:0}}.elementor-widget-video .elementor-open-inline .elementor-custom-embed-image-overlay{position:absolute;top:0;right:0;bottom:0;left:0;background-size:cover;background-position:50%}.elementor-widget-video .elementor-custom-embed-image-overlay{cursor:pointer;text-align:center}.elementor-widget-video .elementor-custom-embed-image-overlay:hover .elementor-custom-embed-play i{opacity:1}.elementor-widget-video .elementor-custom-embed-image-overlay img{display:block;width:100%;aspect-ratio:var(--video-aspect-ratio);-o-object-fit:cover;object-fit:cover;-o-object-position:center center;object-position:center center}@supports not (aspect-ratio:1\/1){.elementor-widget-video .elementor-custom-embed-image-overlay{position:relative;overflow:hidden;height:0;padding-bottom:calc(100% \/ var(--video-aspect-ratio))}.elementor-widget-video .elementor-custom-embed-image-overlay img{position:absolute;top:0;right:0;bottom:0;left:0}}.elementor-widget-video .e-hosted-video .elementor-video{-o-object-fit:cover;object-fit:cover}.e-con-inner>.elementor-widget-video,.e-con>.elementor-widget-video{width:var(--container-widget-width);--flex-grow:var(--container-widget-flex-grow)}<\/style>\t\t<div class=\"elementor-wrapper elementor-open-inline\">\n\t\t\t<div class=\"elementor-video\"><\/div>\t\t<\/div>\n\t\t\t\t<\/div>\n\t\t\t\t<\/div>\n\t\t\t\t<div class=\"elementor-element elementor-element-028dfca elementor-invisible elementor-widget elementor-widget-image\" data-id=\"028dfca\" data-element_type=\"widget\" data-settings=\"{&quot;_animation&quot;:&quot;bounceIn&quot;}\" data-widget_type=\"image.default\">\n\t\t\t\t<div class=\"elementor-widget-container\">\n\t\t\t<style>\/*! elementor - v3.15.0 - 02-08-2023 *\/\n.elementor-widget-image{text-align:center}.elementor-widget-image a{display:inline-block}.elementor-widget-image a img[src$=\".svg\"]{width:48px}.elementor-widget-image img{vertical-align:middle;display:inline-block}<\/style>\t\t\t\t\t\t\t\t\t\t\t\t\t<a href=\"https:\/\/mayclinik.com\/wp-content\/uploads\/2023\/09\/mayclinik-traval-agency3.jpg.webp\" data-elementor-open-lightbox=\"yes\" data-elementor-lightbox-title=\"mayclinik-traval-agency3.jpg.webp\" data-e-action-hash=\"#elementor-action%3Aaction%3Dlightbox%26settings%3DeyJpZCI6MzI2MzAsInVybCI6Imh0dHBzOlwvXC9tYXljbGluaWsuY29tXC93cC1jb250ZW50XC91cGxvYWRzXC8yMDIzXC8wOVwvbWF5Y2xpbmlrLXRyYXZhbC1hZ2VuY3kzLmpwZy53ZWJwIn0%3D\">\n\t\t\t\t\t\t\t<img decoding=\"async\" loading=\"lazy\" width=\"1003\" height=\"710\" src=\"https:\/\/mayclinik.com\/wp-content\/uploads\/2023\/09\/mayclinik-traval-agency3.jpg.webp\" class=\"attachment-full size-full wp-image-32630\" alt=\"\" \/>\t\t\t\t\t\t\t\t<\/a>\n\t\t\t\t\t\t\t\t\t\t\t\t\t\t\t<\/div>\n\t\t\t\t<\/div>\n\t\t\t\t<section class=\"elementor-section elementor-inner-section elementor-element elementor-element-1585509 elementor-section-boxed elementor-section-height-default elementor-section-height-default\" data-id=\"1585509\" data-element_type=\"section\">\n\t\t\t\t\t\t<div class=\"elementor-container elementor-column-gap-no\">\n\t\t\t\t\t<div class=\"elementor-column elementor-col-100 elementor-inner-column elementor-element elementor-element-c94768f\" data-id=\"c94768f\" data-element_type=\"column\">\n\t\t\t<div class=\"elementor-widget-wrap elementor-element-populated\">\n\t\t\t\t\t\t\t\t<section class=\"elementor-section elementor-inner-section elementor-element elementor-element-1faea78 elementor-section-boxed elementor-section-height-default elementor-section-height-default\" data-id=\"1faea78\" data-element_type=\"section\">\n\t\t\t\t\t\t<div class=\"elementor-container elementor-column-gap-default\">\n\t\t\t\t\t<div class=\"elementor-column elementor-col-50 elementor-inner-column elementor-element elementor-element-9456628\" data-id=\"9456628\" data-element_type=\"column\">\n\t\t\t<div class=\"elementor-widget-wrap elementor-element-populated\">\n\t\t\t\t\t\t\t\t<div class=\"elementor-element elementor-element-08a78d0 elementor-widget elementor-widget-image\" data-id=\"08a78d0\" data-element_type=\"widget\" data-widget_type=\"image.default\">\n\t\t\t\t<div class=\"elementor-widget-container\">\n\t\t\t\t\t\t\t\t\t\t\t\t\t\t\t\t<a href=\"https:\/\/www.google.com.tr\/search?q=mayclinik#lrd=0x14cab7cb4dbea02d:0x1e4be7ceb4d0102a,1,,,,\" target=\"_blank\" rel=\"noopener\">\n\t\t\t\t\t\t\t<img decoding=\"async\" loading=\"lazy\" width=\"430\" height=\"174\" src=\"https:\/\/mayclinik.com\/wp-content\/uploads\/2023\/09\/google-review-badge-gmb.png\" class=\"attachment-full size-full wp-image-32636\" alt=\"\" \/>\t\t\t\t\t\t\t\t<\/a>\n\t\t\t\t\t\t\t\t\t\t\t\t\t\t\t<\/div>\n\t\t\t\t<\/div>\n\t\t\t\t\t<\/div>\n\t\t<\/div>\n\t\t\t\t<div class=\"elementor-column elementor-col-50 elementor-inner-column elementor-element elementor-element-3a30a54\" data-id=\"3a30a54\" data-element_type=\"column\">\n\t\t\t<div class=\"elementor-widget-wrap elementor-element-populated\">\n\t\t\t\t\t\t\t\t<div class=\"elementor-element elementor-element-90376f4 elementor-widget elementor-widget-image\" data-id=\"90376f4\" data-element_type=\"widget\" data-widget_type=\"image.default\">\n\t\t\t\t<div class=\"elementor-widget-container\">\n\t\t\t\t\t\t\t\t\t\t\t\t\t\t\t\t<a href=\"https:\/\/www.trustpilot.com\/review\/mayclinik.com\" target=\"_blank\">\n\t\t\t\t\t\t\t<img decoding=\"async\" loading=\"lazy\" width=\"271\" height=\"205\" src=\"https:\/\/mayclinik.com\/wp-content\/uploads\/2023\/09\/Asset-11x-1.png\" class=\"attachment-full size-full wp-image-32633\" alt=\"\" \/>\t\t\t\t\t\t\t\t<\/a>\n\t\t\t\t\t\t\t\t\t\t\t\t\t\t\t<\/div>\n\t\t\t\t<\/div>\n\t\t\t\t\t<\/div>\n\t\t<\/div>\n\t\t\t\t\t\t\t<\/div>\n\t\t<\/section>\n\t\t\t\t<section class=\"elementor-section elementor-inner-section elementor-element elementor-element-5625a3f elementor-section-boxed elementor-section-height-default elementor-section-height-default\" data-id=\"5625a3f\" data-element_type=\"section\">\n\t\t\t\t\t\t<div class=\"elementor-container elementor-column-gap-default\">\n\t\t\t\t\t<div class=\"elementor-column elementor-col-50 elementor-inner-column elementor-element elementor-element-5c22113\" data-id=\"5c22113\" data-element_type=\"column\">\n\t\t\t<div class=\"elementor-widget-wrap elementor-element-populated\">\n\t\t\t\t\t\t\t\t<div class=\"elementor-element elementor-element-ca88c18 elementor-widget elementor-widget-image\" data-id=\"ca88c18\" data-element_type=\"widget\" data-widget_type=\"image.default\">\n\t\t\t\t<div class=\"elementor-widget-container\">\n\t\t\t\t\t\t\t\t\t\t\t\t\t\t\t<img decoding=\"async\" loading=\"lazy\" width=\"1029\" height=\"371\" src=\"https:\/\/mayclinik.com\/wp-content\/uploads\/2023\/09\/registered-in-uk2-1.webp\" class=\"attachment-full size-full wp-image-32639\" alt=\"\" \/>\t\t\t\t\t\t\t\t\t\t\t\t\t\t\t<\/div>\n\t\t\t\t<\/div>\n\t\t\t\t\t<\/div>\n\t\t<\/div>\n\t\t\t\t<div class=\"elementor-column elementor-col-50 elementor-inner-column elementor-element elementor-element-53d3bf8\" data-id=\"53d3bf8\" data-element_type=\"column\">\n\t\t\t<div class=\"elementor-widget-wrap elementor-element-populated\">\n\t\t\t\t\t\t\t\t<div class=\"elementor-element elementor-element-6853bbe elementor-widget__width-inherit elementor-widget elementor-widget-image\" data-id=\"6853bbe\" data-element_type=\"widget\" data-widget_type=\"image.default\">\n\t\t\t\t<div class=\"elementor-widget-container\">\n\t\t\t\t\t\t\t\t\t\t\t\t\t\t\t<img decoding=\"async\" loading=\"lazy\" width=\"1029\" height=\"371\" src=\"https:\/\/mayclinik.com\/wp-content\/uploads\/2023\/10\/de-registered-in.webp\" class=\"attachment-full size-full wp-image-36809\" alt=\"\" \/>\t\t\t\t\t\t\t\t\t\t\t\t\t\t\t<\/div>\n\t\t\t\t<\/div>\n\t\t\t\t\t<\/div>\n\t\t<\/div>\n\t\t\t\t\t\t\t<\/div>\n\t\t<\/section>\n\t\t\t\t\t<\/div>\n\t\t<\/div>\n\t\t\t\t\t\t\t<\/div>\n\t\t<\/section>\n\t\t\t\t<section class=\"elementor-section elementor-inner-section elementor-element elementor-element-a95209e elementor-section-boxed elementor-section-height-default elementor-section-height-default\" data-id=\"a95209e\" data-element_type=\"section\">\n\t\t\t\t\t\t<div class=\"elementor-container elementor-column-gap-no\">\n\t\t\t\t\t<div class=\"elementor-column elementor-col-33 elementor-inner-column elementor-element elementor-element-91e7cbc\" data-id=\"91e7cbc\" data-element_type=\"column\">\n\t\t\t<div class=\"elementor-widget-wrap\">\n\t\t\t\t\t\t\t\t\t<\/div>\n\t\t<\/div>\n\t\t\t\t<div class=\"elementor-column elementor-col-33 elementor-inner-column elementor-element elementor-element-e9c161a\" data-id=\"e9c161a\" data-element_type=\"column\">\n\t\t\t<div class=\"elementor-widget-wrap elementor-element-populated\">\n\t\t\t\t\t\t\t\t<div class=\"elementor-element elementor-element-4476ae7 elementor-widget__width-inherit elementor-widget elementor-widget-image\" data-id=\"4476ae7\" data-element_type=\"widget\" data-widget_type=\"image.default\">\n\t\t\t\t<div class=\"elementor-widget-container\">\n\t\t\t\t\t\t\t\t\t\t\t\t\t\t\t\t<a href=\"https:\/\/www.trustpilot.com\/review\/mayclinik.com\" target=\"_blank\">\n\t\t\t\t\t\t\t<img decoding=\"async\" loading=\"lazy\" width=\"1200\" height=\"630\" src=\"https:\/\/mayclinik.com\/wp-content\/uploads\/2023\/09\/30757889-53ef-4e20-9547-47c2cc5ab1c4-1.jpg\" class=\"attachment-full size-full wp-image-35958\" alt=\"\" \/>\t\t\t\t\t\t\t\t<\/a>\n\t\t\t\t\t\t\t\t\t\t\t\t\t\t\t<\/div>\n\t\t\t\t<\/div>\n\t\t\t\t\t<\/div>\n\t\t<\/div>\n\t\t\t\t<div class=\"elementor-column elementor-col-33 elementor-inner-column elementor-element elementor-element-368bcf3\" data-id=\"368bcf3\" data-element_type=\"column\">\n\t\t\t<div class=\"elementor-widget-wrap\">\n\t\t\t\t\t\t\t\t\t<\/div>\n\t\t<\/div>\n\t\t\t\t\t\t\t<\/div>\n\t\t<\/section>\n\t\t\t\t\t<\/div>\n\t\t<\/div>\n\t\t\t\t\t\t\t<\/div>\n\t\t<\/div>\n\t\t\t\t\t\t\t<\/div>\n\t\t<div id=\"ez-toc-container\" class=\"ez-toc-v2_0_55 ez-toc-wrap-center counter-hierarchy ez-toc-counter ez-toc-light-blue ez-toc-container-direction\">\n<div class=\"ez-toc-title-container\">\n<p class=\"ez-toc-title \" >Table of Contents<\/p>\n<span class=\"ez-toc-title-toggle\"><a href=\"#\" class=\"ez-toc-pull-right ez-toc-btn ez-toc-btn-xs ez-toc-btn-default ez-toc-toggle\" aria-label=\"Toggle Table of Content\" role=\"button\"><label for=\"item-6a0200bae2362\" ><span class=\"\"><span style=\"display:none;\">Toggle<\/span><span class=\"ez-toc-icon-toggle-span\"><svg style=\"fill: #999;color:#999\" xmlns=\"http:\/\/www.w3.org\/2000\/svg\" class=\"list-377408\" width=\"20px\" height=\"20px\" viewBox=\"0 0 24 24\" fill=\"none\"><path d=\"M6 6H4v2h2V6zm14 0H8v2h12V6zM4 11h2v2H4v-2zm16 0H8v2h12v-2zM4 16h2v2H4v-2zm16 0H8v2h12v-2z\" fill=\"currentColor\"><\/path><\/svg><svg style=\"fill: #999;color:#999\" class=\"arrow-unsorted-368013\" xmlns=\"http:\/\/www.w3.org\/2000\/svg\" width=\"10px\" height=\"10px\" viewBox=\"0 0 24 24\" version=\"1.2\" baseProfile=\"tiny\"><path d=\"M18.2 9.3l-6.2-6.3-6.2 6.3c-.2.2-.3.4-.3.7s.1.5.3.7c.2.2.4.3.7.3h11c.3 0 .5-.1.7-.3.2-.2.3-.5.3-.7s-.1-.5-.3-.7zM5.8 14.7l6.2 6.3 6.2-6.3c.2-.2.3-.5.3-.7s-.1-.5-.3-.7c-.2-.2-.4-.3-.7-.3h-11c-.3 0-.5.1-.7.3-.2.2-.3.5-.3.7s.1.5.3.7z\"\/><\/svg><\/span><\/span><\/label><input aria-label=\"Toggle\" aria-label=\"item-6a0200bae2362\"  type=\"checkbox\" id=\"item-6a0200bae2362\"><\/a><\/span><\/div>\n<nav><ul class='ez-toc-list ez-toc-list-level-1 eztoc-toggle-hide-by-default' ><li class='ez-toc-page-1 ez-toc-heading-level-2'><a class=\"ez-toc-link ez-toc-heading-1\" href=\"https:\/\/mayclinik.com\/tr\/#mayclinik-may-saglik-turizm-hizmetleri-kimdir\" title=\"MAYCLINIK (MAY SA\u011eLIK TUR\u0130ZM H\u0130ZMETLER\u0130) kimdir?\">MAYCLINIK (MAY SA\u011eLIK TUR\u0130ZM H\u0130ZMETLER\u0130) kimdir?<\/a><\/li><\/ul><\/nav><\/div>\n","protected":false},"excerpt":{"rendered":"<p>MAYCLINIK (MAY SA\u011eLIK TUR\u0130ZM H\u0130ZMETLER\u0130) kimdir? D\u00fcnyan\u0131n her bir \u00a0yan\u0131ndan \u00e7o\u011funlukla Avrupadan T\u00fcrkiye\u2019ye uluslararas\u0131 hasta organizasyonu ger\u00e7ekle\u015ftiren\u00a0MAYCLINIK( MAY SA\u011eLIK TUR\u0130ZM H\u0130ZMETLER\u0130),\u00a0TURSAB\u2018a\u00a0(T\u00fcrkiye Seyahat Acentalar\u0131 Birli\u011fi) 11886 kodu ile \u00fcyeli\u011fi mevcut ve Sa\u011fl\u0131k Bakanl\u0131\u011f\u0131 Akreditasyonuna (AK-0086) sahip \u0130stanbul merkezli Almanya ve \u0130ngiltere&#8217;de ofisi bulunan bir sa\u011fl\u0131k turizmi \u015firketidir. 2017 y\u0131l\u0131nda kurulan\u00a0MAYCLINIK, yurt d\u0131\u015f\u0131ndan gelen misafirlerine kendi dilini [&hellip;]<\/p>\n","protected":false},"author":1,"featured_media":36897,"parent":0,"menu_order":0,"comment_status":"closed","ping_status":"closed","template":"template-homepage.php","meta":{"inline_featured_image":false,"footnotes":""},"tags":[],"_links":{"self":[{"href":"https:\/\/mayclinik.com\/tr\/wp-json\/wp\/v2\/pages\/32625"}],"collection":[{"href":"https:\/\/mayclinik.com\/tr\/wp-json\/wp\/v2\/pages"}],"about":[{"href":"https:\/\/mayclinik.com\/tr\/wp-json\/wp\/v2\/types\/page"}],"author":[{"embeddable":true,"href":"https:\/\/mayclinik.com\/tr\/wp-json\/wp\/v2\/users\/1"}],"replies":[{"embeddable":true,"href":"https:\/\/mayclinik.com\/tr\/wp-json\/wp\/v2\/comments?post=32625"}],"version-history":[{"count":5,"href":"https:\/\/mayclinik.com\/tr\/wp-json\/wp\/v2\/pages\/32625\/revisions"}],"predecessor-version":[{"id":42912,"href":"https:\/\/mayclinik.com\/tr\/wp-json\/wp\/v2\/pages\/32625\/revisions\/42912"}],"wp:featuredmedia":[{"embeddable":true,"href":"https:\/\/mayclinik.com\/tr\/wp-json\/wp\/v2\/media\/36897"}],"wp:attachment":[{"href":"https:\/\/mayclinik.com\/tr\/wp-json\/wp\/v2\/media?parent=32625"}],"wp:term":[{"taxonomy":"post_tag","embeddable":true,"href":"https:\/\/mayclinik.com\/tr\/wp-json\/wp\/v2\/tags?post=32625"}],"curies":[{"name":"wp","href":"https:\/\/api.w.org\/{rel}","templated":true}]}}