{"id":40258,"date":"2023-08-29T22:47:44","date_gmt":"2023-08-29T19:47:44","guid":{"rendered":"https:\/\/mayclinik.com\/chirurgie-plastique-en-turquie\/esthetique-corporelle-turquie\/"},"modified":"2025-05-08T13:05:27","modified_gmt":"2025-05-08T10:05:27","slug":"esthetique-corporelle-turquie","status":"publish","type":"page","link":"https:\/\/mayclinik.com\/fr\/esthetique-corporelle-turquie\/","title":{"rendered":"Esth\u00e9tique Corporelle Turquie"},"content":{"rendered":"\t\t<div data-elementor-type=\"wp-page\" data-elementor-id=\"40258\" class=\"elementor elementor-40258 elementor-29393\" data-elementor-post-type=\"page\">\n\t\t\t\t\t\t\t\t\t<section class=\"elementor-section elementor-top-section elementor-element elementor-element-77f4017 elementor-section-stretched elementor-section-boxed elementor-section-height-default elementor-section-height-default\" data-id=\"77f4017\" data-element_type=\"section\" data-settings=\"{&quot;stretch_section&quot;:&quot;section-stretched&quot;}\">\n\t\t\t\t\t\t<div class=\"elementor-container elementor-column-gap-default\">\n\t\t\t\t\t<div class=\"elementor-column elementor-col-100 elementor-top-column elementor-element elementor-element-1f5a768\" data-id=\"1f5a768\" data-element_type=\"column\">\n\t\t\t<div class=\"elementor-widget-wrap elementor-element-populated\">\n\t\t\t\t\t\t\t\t<div class=\"elementor-element elementor-element-17b0912 box-align-center elementor-widget elementor-widget-smartic-media-carousel\" data-id=\"17b0912\" data-element_type=\"widget\" data-widget_type=\"smartic-media-carousel.default\">\n\t\t\t\t<div class=\"elementor-widget-container\">\n\t\t\t        <div class=\"smartic-media-carousel-wrapper\">\n            <div class=\"row media_style3\" data-elementor-columns=\"4\" data-elementor-columns-tablet=\"2\" data-elementor-columns-mobile=\"2\">\n                                    <div class=\"column-item elementor-image-item\">\n                    <a href=\"\/vaser-liposuction-turkey\/\"   aria-label=\"Liposuccion Vaser en Turquie\">                    <div class=\"elementor-image-item__wrapper\">\n                            <div class=\"elementor-image-item__wrapper-inner\">\n                                            <div class=\"elementor-media-carousel__img\">\n                <img loading=\"lazy\" width=\"300\" height=\"300\" src=\"https:\/\/mayclinik.com\/wp-content\/uploads\/2023\/09\/vaser-lipo.jpeg\" class=\"attachment-full size-full wp-image-33904\" alt=\"\" decoding=\"async\" \/>                <span class=\"media-carousel-background\"><\/span>\n            <\/div>\n                                        <div class=\"elementor-media-carousel__content\">\n                                    <div class=\"elementor-media-carousel__content-inner\">\n                                        <div class=\"title\"><a href=\"\/vaser-liposuction-turkey\/\"  title=\"Liposuccion Vaser en Turquie\">Liposuccion Vaser en Turquie<\/a><\/div>                                    <\/div>\n                                <\/div><\/a>\n                            <\/div>\n                        <\/div>\n                    <\/div>\n                                    <div class=\"column-item elementor-image-item\">\n                    <a href=\"https:\/\/mayclinik.com\/brazilian-butt-lift-bbl-in-turkey\/\"   aria-label=\"Lifting br\u00e9silien des fesses (BBL) en Turquie\">                    <div class=\"elementor-image-item__wrapper\">\n                            <div class=\"elementor-image-item__wrapper-inner\">\n                                            <div class=\"elementor-media-carousel__img\">\n                <img loading=\"lazy\" width=\"300\" height=\"300\" src=\"https:\/\/mayclinik.com\/wp-content\/uploads\/2023\/09\/bbl.jpg\" class=\"attachment-full size-full wp-image-33019\" alt=\"\" decoding=\"async\" \/>                <span class=\"media-carousel-background\"><\/span>\n            <\/div>\n                                        <div class=\"elementor-media-carousel__content\">\n                                    <div class=\"elementor-media-carousel__content-inner\">\n                                        <div class=\"title\"><a href=\"https:\/\/mayclinik.com\/brazilian-butt-lift-bbl-in-turkey\/\"  title=\"Lifting br\u00e9silien des fesses (BBL) en Turquie\">Lifting br\u00e9silien des fesses (BBL) en Turquie<\/a><\/div>                                    <\/div>\n                                <\/div><\/a>\n                            <\/div>\n                        <\/div>\n                    <\/div>\n                                    <div class=\"column-item elementor-image-item\">\n                    <a href=\"\/tummy-tuck-turkey\/\"   aria-label=\"Abdominoplastie Turquie en Turquie\">                    <div class=\"elementor-image-item__wrapper\">\n                            <div class=\"elementor-image-item__wrapper-inner\">\n                                            <div class=\"elementor-media-carousel__img\">\n                <img loading=\"lazy\" width=\"300\" height=\"300\" src=\"https:\/\/mayclinik.com\/wp-content\/uploads\/2023\/09\/tummyyy.jpg\" class=\"attachment-full size-full wp-image-32067\" alt=\"\" decoding=\"async\" \/>                <span class=\"media-carousel-background\"><\/span>\n            <\/div>\n                                        <div class=\"elementor-media-carousel__content\">\n                                    <div class=\"elementor-media-carousel__content-inner\">\n                                        <div class=\"title\"><a href=\"\/tummy-tuck-turkey\/\"  title=\"Abdominoplastie Turquie en Turquie\">Abdominoplastie Turquie en Turquie<\/a><\/div>                                    <\/div>\n                                <\/div><\/a>\n                            <\/div>\n                        <\/div>\n                    <\/div>\n                                    <div class=\"column-item elementor-image-item\">\n                    <a href=\"\/thigh-lifting-turkey\/\"   aria-label=\"Lifting des cuisses en Turquie\">                    <div class=\"elementor-image-item__wrapper\">\n                            <div class=\"elementor-image-item__wrapper-inner\">\n                                            <div class=\"elementor-media-carousel__img\">\n                <img loading=\"lazy\" width=\"300\" height=\"300\" src=\"https:\/\/mayclinik.com\/wp-content\/uploads\/2023\/09\/thigh-lift-copy.jpg\" class=\"attachment-full size-full wp-image-32965\" alt=\"\" decoding=\"async\" \/>                <span class=\"media-carousel-background\"><\/span>\n            <\/div>\n                                        <div class=\"elementor-media-carousel__content\">\n                                    <div class=\"elementor-media-carousel__content-inner\">\n                                        <div class=\"title\"><a href=\"\/thigh-lifting-turkey\/\"  title=\"Lifting des cuisses en Turquie\">Lifting des cuisses en Turquie<\/a><\/div>                                    <\/div>\n                                <\/div><\/a>\n                            <\/div>\n                        <\/div>\n                    <\/div>\n                                    <div class=\"column-item elementor-image-item\">\n                    <a href=\"\/fat-injection-turkey\/\"   aria-label=\"Injection de graisse en Turquie\">                    <div class=\"elementor-image-item__wrapper\">\n                            <div class=\"elementor-image-item__wrapper-inner\">\n                                            <div class=\"elementor-media-carousel__img\">\n                <img loading=\"lazy\" width=\"300\" height=\"300\" src=\"https:\/\/mayclinik.com\/wp-content\/uploads\/2024\/01\/fat-injection-2024-may.jpg\" class=\"attachment-full size-full wp-image-39629\" alt=\"\" decoding=\"async\" \/>                <span class=\"media-carousel-background\"><\/span>\n            <\/div>\n                                        <div class=\"elementor-media-carousel__content\">\n                                    <div class=\"elementor-media-carousel__content-inner\">\n                                        <div class=\"title\"><a href=\"\/fat-injection-turkey\/\"  title=\"Injection de graisse en Turquie\">Injection de graisse en Turquie<\/a><\/div>                                    <\/div>\n                                <\/div><\/a>\n                            <\/div>\n                        <\/div>\n                    <\/div>\n                                    <div class=\"column-item elementor-image-item\">\n                    <a href=\"\/genital-aesthetic-turkey\/\"   aria-label=\"Esth\u00e9tique g\u00e9nitale en Turquie\">                    <div class=\"elementor-image-item__wrapper\">\n                            <div class=\"elementor-image-item__wrapper-inner\">\n                                            <div class=\"elementor-media-carousel__img\">\n                <img loading=\"lazy\" width=\"300\" height=\"300\" src=\"https:\/\/mayclinik.com\/wp-content\/uploads\/2023\/09\/genital-aestetic.jpeg\" class=\"attachment-full size-full wp-image-33901\" alt=\"\" decoding=\"async\" \/>                <span class=\"media-carousel-background\"><\/span>\n            <\/div>\n                                        <div class=\"elementor-media-carousel__content\">\n                                    <div class=\"elementor-media-carousel__content-inner\">\n                                        <div class=\"title\"><a href=\"\/genital-aesthetic-turkey\/\"  title=\"Esth\u00e9tique g\u00e9nitale en Turquie\">Esth\u00e9tique g\u00e9nitale en Turquie<\/a><\/div>                                    <\/div>\n                                <\/div><\/a>\n                            <\/div>\n                        <\/div>\n                    <\/div>\n                                    <div class=\"column-item elementor-image-item\">\n                    <a href=\"\/mommy-makeover-turkey\/\"   aria-label=\"Mommy Makeover en Turquie\">                    <div class=\"elementor-image-item__wrapper\">\n                            <div class=\"elementor-image-item__wrapper-inner\">\n                                            <div class=\"elementor-media-carousel__img\">\n                <img loading=\"lazy\" width=\"300\" height=\"300\" src=\"https:\/\/mayclinik.com\/wp-content\/uploads\/2023\/09\/mommy-makeover-1.png\" class=\"attachment-full size-full wp-image-34143\" alt=\"\" decoding=\"async\" \/>                <span class=\"media-carousel-background\"><\/span>\n            <\/div>\n                                        <div class=\"elementor-media-carousel__content\">\n                                    <div class=\"elementor-media-carousel__content-inner\">\n                                        <div class=\"title\"><a href=\"\/mommy-makeover-turkey\/\"  title=\"Mommy Makeover en Turquie\">Mommy Makeover en Turquie<\/a><\/div>                                    <\/div>\n                                <\/div><\/a>\n                            <\/div>\n                        <\/div>\n                    <\/div>\n                                    <div class=\"column-item elementor-image-item\">\n                    <a href=\"\/arm-lift-turkey\/\"   aria-label=\"Chirurgie de lifting des bras en Turquie\">                    <div class=\"elementor-image-item__wrapper\">\n                            <div class=\"elementor-image-item__wrapper-inner\">\n                                            <div class=\"elementor-media-carousel__img\">\n                <img loading=\"lazy\" width=\"300\" height=\"300\" src=\"https:\/\/mayclinik.com\/wp-content\/uploads\/2023\/09\/arm-lift.jpg\" class=\"attachment-full size-full wp-image-33239\" alt=\"\" decoding=\"async\" \/>                <span class=\"media-carousel-background\"><\/span>\n            <\/div>\n                                        <div class=\"elementor-media-carousel__content\">\n                                    <div class=\"elementor-media-carousel__content-inner\">\n                                        <div class=\"title\"><a href=\"\/arm-lift-turkey\/\"  title=\"Chirurgie de lifting des bras en Turquie\">Chirurgie de lifting des bras en Turquie<\/a><\/div>                                    <\/div>\n                                <\/div><\/a>\n                            <\/div>\n                        <\/div>\n                    <\/div>\n                                    <div class=\"column-item elementor-image-item\">\n                    <a href=\"\/gynecomasty-turkey\/\"   aria-label=\"Gyn\u00e9comastie en Turquie\">                    <div class=\"elementor-image-item__wrapper\">\n                            <div class=\"elementor-image-item__wrapper-inner\">\n                                            <div class=\"elementor-media-carousel__img\">\n                <img loading=\"lazy\" width=\"300\" height=\"300\" src=\"https:\/\/mayclinik.com\/wp-content\/uploads\/2023\/10\/gynecomastia-yenia.jpeg\" class=\"attachment-full size-full wp-image-36931\" alt=\"\" decoding=\"async\" \/>                <span class=\"media-carousel-background\"><\/span>\n            <\/div>\n                                        <div class=\"elementor-media-carousel__content\">\n                                    <div class=\"elementor-media-carousel__content-inner\">\n                                        <div class=\"title\"><a href=\"\/gynecomasty-turkey\/\"  title=\"Gyn\u00e9comastie en Turquie\">Gyn\u00e9comastie en Turquie<\/a><\/div>                                    <\/div>\n                                <\/div><\/a>\n                            <\/div>\n                        <\/div>\n                    <\/div>\n                            <\/div>\n        <\/div>\n        \t\t<\/div>\n\t\t\t\t<\/div>\n\t\t\t\t\t<\/div>\n\t\t<\/div>\n\t\t\t\t\t\t\t<\/div>\n\t\t<\/section>\n\t\t\t\t<section class=\"elementor-section elementor-top-section elementor-element elementor-element-5d1033c elementor-section-stretched elementor-section-boxed elementor-section-height-default elementor-section-height-default\" data-id=\"5d1033c\" data-element_type=\"section\" data-settings=\"{&quot;stretch_section&quot;:&quot;section-stretched&quot;,&quot;background_background&quot;:&quot;classic&quot;}\">\n\t\t\t\t\t\t<div class=\"elementor-container elementor-column-gap-default\">\n\t\t\t\t\t<div class=\"elementor-column elementor-col-100 elementor-top-column elementor-element elementor-element-2a19939\" data-id=\"2a19939\" data-element_type=\"column\">\n\t\t\t<div class=\"elementor-widget-wrap elementor-element-populated\">\n\t\t\t\t\t\t\t\t<div class=\"elementor-element elementor-element-6d413f7 elementor-widget elementor-widget-text-editor\" data-id=\"6d413f7\" data-element_type=\"widget\" data-widget_type=\"text-editor.default\">\n\t\t\t\t<div class=\"elementor-widget-container\">\n\t\t\t<style>\/*! elementor - v3.15.0 - 02-08-2023 *\/\n.elementor-widget-text-editor.elementor-drop-cap-view-stacked .elementor-drop-cap{background-color:#69727d;color:#fff}.elementor-widget-text-editor.elementor-drop-cap-view-framed .elementor-drop-cap{color:#69727d;border:3px solid;background-color:transparent}.elementor-widget-text-editor:not(.elementor-drop-cap-view-default) .elementor-drop-cap{margin-top:8px}.elementor-widget-text-editor:not(.elementor-drop-cap-view-default) .elementor-drop-cap-letter{width:1em;height:1em}.elementor-widget-text-editor .elementor-drop-cap{float:left;text-align:center;line-height:1;font-size:50px}.elementor-widget-text-editor .elementor-drop-cap-letter{display:inline-block}<\/style>\t\t\t\t<p><span>Il s\u2019agit d\u2019un groupe de domaines esth\u00e9tiques qui sont devenus tr\u00e8s populaires aupr\u00e8s des gens ces derni\u00e8res ann\u00e9es. La premi\u00e8re chose qui vient \u00e0 l\u2019esprit en termes d\u2019esth\u00e9tique corporelle, ce sont les interventions chirurgicales qui sont r\u00e9alis\u00e9es pour capturer les zones flasques, d\u00e9form\u00e9es et fissur\u00e9es du corps humain \u00e0 l\u2019aide de la chirurgie esth\u00e9tique et pour leur donner une nouvelle apparence plus belle.<\/span><\/p>\n<p><span>Il existe certaines r\u00e9gions et proc\u00e9dures dans le domaine de l&rsquo;esth\u00e9tique corporelle. Ces domaines et processus sont les suivants : liposuccion, esth\u00e9tique du sein, chirurgie du contour du corps, lifting des fesses, lifting des cuisses, lifting des bras, mini lifting du visage, mini lifting abdominal et chirurgie de lifting abdominal complet.<\/span><\/p>\n<p><span>Vous avez la possibilit\u00e9 de reprendre une vie normale 15 jours apr\u00e8s les op\u00e9rations. Il est interdit de faire des sports lourds pendant 45 jours. Apr\u00e8s 30 jours, des sports l\u00e9gers comme la marche et le jogging peuvent \u00eatre commenc\u00e9s.<\/span><\/p>\n\t\t\t\t\t\t<\/div>\n\t\t\t\t<\/div>\n\t\t\t\t\t<\/div>\n\t\t<\/div>\n\t\t\t\t\t\t\t<\/div>\n\t\t<\/section>\n\t\t\t\t\t\t\t<\/div>\n\t\t","protected":false},"excerpt":{"rendered":"<p>Liposuccion Vaser en Turquie Lifting br\u00e9silien des fesses (BBL) en Turquie Abdominoplastie Turquie en Turquie Lifting des cuisses en Turquie Injection de graisse en Turquie Esth\u00e9tique g\u00e9nitale en Turquie Mommy Makeover en Turquie Chirurgie de lifting des bras en Turquie Gyn\u00e9comastie en Turquie Il s\u2019agit d\u2019un groupe de domaines esth\u00e9tiques qui sont devenus tr\u00e8s populaires [&hellip;]<\/p>\n","protected":false},"author":1,"featured_media":0,"parent":40167,"menu_order":0,"comment_status":"closed","ping_status":"closed","template":"","meta":{"inline_featured_image":false,"footnotes":""},"tags":[],"_links":{"self":[{"href":"https:\/\/mayclinik.com\/fr\/wp-json\/wp\/v2\/pages\/40258"}],"collection":[{"href":"https:\/\/mayclinik.com\/fr\/wp-json\/wp\/v2\/pages"}],"about":[{"href":"https:\/\/mayclinik.com\/fr\/wp-json\/wp\/v2\/types\/page"}],"author":[{"embeddable":true,"href":"https:\/\/mayclinik.com\/fr\/wp-json\/wp\/v2\/users\/1"}],"replies":[{"embeddable":true,"href":"https:\/\/mayclinik.com\/fr\/wp-json\/wp\/v2\/comments?post=40258"}],"version-history":[{"count":5,"href":"https:\/\/mayclinik.com\/fr\/wp-json\/wp\/v2\/pages\/40258\/revisions"}],"predecessor-version":[{"id":43974,"href":"https:\/\/mayclinik.com\/fr\/wp-json\/wp\/v2\/pages\/40258\/revisions\/43974"}],"up":[{"embeddable":true,"href":"https:\/\/mayclinik.com\/fr\/wp-json\/wp\/v2\/pages\/40167"}],"wp:attachment":[{"href":"https:\/\/mayclinik.com\/fr\/wp-json\/wp\/v2\/media?parent=40258"}],"wp:term":[{"taxonomy":"post_tag","embeddable":true,"href":"https:\/\/mayclinik.com\/fr\/wp-json\/wp\/v2\/tags?post=40258"}],"curies":[{"name":"wp","href":"https:\/\/api.w.org\/{rel}","templated":true}]}}