{"id":40234,"date":"2023-08-15T01:18:30","date_gmt":"2023-08-14T22:18:30","guid":{"rendered":"https:\/\/mayclinik.com\/chirurgie-de-lobesite-avant-apres\/"},"modified":"2024-10-10T16:48:31","modified_gmt":"2024-10-10T13:48:31","slug":"chirurgie-de-lobesite-avant-apres","status":"publish","type":"page","link":"https:\/\/mayclinik.com\/fr\/chirurgie-de-l-obesite-avant-apres\/","title":{"rendered":"Chirurgie de l&rsquo;ob\u00e9sit\u00e9 avant apr\u00e8s"},"content":{"rendered":"\t\t<div data-elementor-type=\"wp-page\" data-elementor-id=\"40234\" class=\"elementor elementor-40234 elementor-27721\" data-elementor-post-type=\"page\">\n\t\t\t\t\t\t\t\t\t<div class=\"elementor-section elementor-top-section elementor-element elementor-element-14f1c6f elementor-section-stretched elementor-section-boxed elementor-section-height-default elementor-section-height-default\" data-id=\"14f1c6f\" data-element_type=\"section\" data-settings=\"{&quot;stretch_section&quot;:&quot;section-stretched&quot;,&quot;background_background&quot;:&quot;classic&quot;,&quot;shape_divider_bottom&quot;:&quot;triangle&quot;}\">\n\t\t\t\t\t<div class=\"elementor-shape elementor-shape-bottom\" data-negative=\"false\">\n\t\t\t<svg xmlns=\"http:\/\/www.w3.org\/2000\/svg\" viewBox=\"0 0 1000 100\" preserveAspectRatio=\"none\">\n\t<path class=\"elementor-shape-fill\" d=\"M500,98.9L0,6.1V0h1000v6.1L500,98.9z\"\/>\n<\/svg>\t\t<\/div>\n\t\t\t\t\t<div class=\"elementor-container elementor-column-gap-no\">\n\t\t\t\t\t<div class=\"elementor-column elementor-col-100 elementor-top-column elementor-element elementor-element-730fd21\" data-id=\"730fd21\" data-element_type=\"column\">\n\t\t\t<div class=\"elementor-widget-wrap elementor-element-populated\">\n\t\t\t\t\t\t\t\t<div class=\"elementor-element elementor-element-21a4511 bifor elementor-widget elementor-widget-gallery\" data-id=\"21a4511\" data-element_type=\"widget\" data-settings=\"{&quot;aspect_ratio&quot;:&quot;1:1&quot;,&quot;columns_mobile&quot;:2,&quot;lazyload&quot;:&quot;yes&quot;,&quot;gallery_layout&quot;:&quot;grid&quot;,&quot;columns&quot;:4,&quot;columns_tablet&quot;:2,&quot;gap&quot;:{&quot;unit&quot;:&quot;px&quot;,&quot;size&quot;:10,&quot;sizes&quot;:[]},&quot;gap_tablet&quot;:{&quot;unit&quot;:&quot;px&quot;,&quot;size&quot;:10,&quot;sizes&quot;:[]},&quot;gap_mobile&quot;:{&quot;unit&quot;:&quot;px&quot;,&quot;size&quot;:10,&quot;sizes&quot;:[]},&quot;link_to&quot;:&quot;file&quot;,&quot;overlay_background&quot;:&quot;yes&quot;,&quot;content_hover_animation&quot;:&quot;fade-in&quot;}\" data-widget_type=\"gallery.default\">\n\t\t\t\t<div class=\"elementor-widget-container\">\n\t\t\t<style>\/*! elementor-pro - v3.15.0 - 31-07-2023 *\/\n.elementor-gallery__container{min-height:1px}.elementor-gallery-item{position:relative;overflow:hidden;display:block;text-decoration:none;border:solid var(--image-border-width) var(--image-border-color);border-radius:var(--image-border-radius)}.elementor-gallery-item__content,.elementor-gallery-item__overlay{height:100%;width:100%;position:absolute;top:0;left:0}.elementor-gallery-item__overlay{mix-blend-mode:var(--overlay-mix-blend-mode);transition-duration:var(--overlay-transition-duration);transition-property:mix-blend-mode,transform,opacity,background-color}.elementor-gallery-item__image.e-gallery-image{transition-duration:var(--image-transition-duration);transition-property:filter,transform}.elementor-gallery-item__content{display:flex;flex-direction:column;justify-content:var(--content-justify-content,center);align-items:center;text-align:var(--content-text-align);padding:var(--content-padding)}.elementor-gallery-item__content>div{transition-duration:var(--content-transition-duration)}.elementor-gallery-item__content.elementor-gallery--sequenced-animation>div:nth-child(2){transition-delay:calc(var(--content-transition-delay) \/ 3)}.elementor-gallery-item__content.elementor-gallery--sequenced-animation>div:nth-child(3){transition-delay:calc(var(--content-transition-delay) \/ 3 * 2)}.elementor-gallery-item__content.elementor-gallery--sequenced-animation>div:nth-child(4){transition-delay:calc(var(--content-transition-delay) \/ 3 * 3)}.elementor-gallery-item__description{color:var(--description-text-color,#fff);width:100%}.elementor-gallery-item__title{color:var(--title-text-color,#fff);font-weight:700;width:100%}.elementor-gallery__titles-container{display:flex;flex-wrap:wrap;justify-content:var(--titles-container-justify-content,center);margin-bottom:20px}.elementor-gallery__titles-container:not(.e--pointer-framed) .elementor-item:after,.elementor-gallery__titles-container:not(.e--pointer-framed) .elementor-item:before{background-color:var(--galleries-pointer-bg-color-hover)}.elementor-gallery__titles-container:not(.e--pointer-framed) .elementor-item.elementor-item-active:after,.elementor-gallery__titles-container:not(.e--pointer-framed) .elementor-item.elementor-item-active:before{background-color:var(--galleries-pointer-bg-color-active)}.elementor-gallery__titles-container.e--pointer-framed .elementor-item:before{border-color:var(--galleries-pointer-bg-color-hover);border-width:var(--galleries-pointer-border-width)}.elementor-gallery__titles-container.e--pointer-framed .elementor-item:after{border-color:var(--galleries-pointer-bg-color-hover)}.elementor-gallery__titles-container.e--pointer-framed .elementor-item.elementor-item-active:after,.elementor-gallery__titles-container.e--pointer-framed .elementor-item.elementor-item-active:before{border-color:var(--galleries-pointer-bg-color-active)}.elementor-gallery__titles-container.e--pointer-framed.e--animation-draw .elementor-item:before{border-left-width:var(--galleries-pointer-border-width);border-bottom-width:var(--galleries-pointer-border-width);border-right-width:0;border-top-width:0}.elementor-gallery__titles-container.e--pointer-framed.e--animation-draw .elementor-item:after{border-left-width:0;border-bottom-width:0;border-right-width:var(--galleries-pointer-border-width);border-top-width:var(--galleries-pointer-border-width)}.elementor-gallery__titles-container.e--pointer-framed.e--animation-corners .elementor-item:before{border-left-width:var(--galleries-pointer-border-width);border-bottom-width:0;border-right-width:0;border-top-width:var(--galleries-pointer-border-width)}.elementor-gallery__titles-container.e--pointer-framed.e--animation-corners .elementor-item:after{border-left-width:0;border-bottom-width:var(--galleries-pointer-border-width);border-right-width:var(--galleries-pointer-border-width);border-top-width:0}.elementor-gallery__titles-container .e--pointer-double-line .elementor-item:after,.elementor-gallery__titles-container .e--pointer-double-line .elementor-item:before,.elementor-gallery__titles-container .e--pointer-overline .elementor-item:before,.elementor-gallery__titles-container .e--pointer-underline .elementor-item:after{height:var(--galleries-pointer-border-width)}.elementor-gallery-title{--space-between:10px;cursor:pointer;color:#6d7882;font-weight:500;position:relative;padding:7px 14px;transition:all .3s}.elementor-gallery-title--active{color:#495157}.elementor-gallery-title:not(:last-child){margin-right:var(--space-between)}.elementor-gallery-item__title+.elementor-gallery-item__description{margin-top:var(--description-margin-top)}.e-gallery-item.elementor-gallery-item{transition-property:all}.e-gallery-item.elementor-animated-content .elementor-animated-item--enter-from-bottom,.e-gallery-item.elementor-animated-content .elementor-animated-item--enter-from-left,.e-gallery-item.elementor-animated-content .elementor-animated-item--enter-from-right,.e-gallery-item.elementor-animated-content .elementor-animated-item--enter-from-top,.e-gallery-item:focus .elementor-gallery__item-overlay-bg,.e-gallery-item:focus .elementor-gallery__item-overlay-content,.e-gallery-item:focus .elementor-gallery__item-overlay-content__description,.e-gallery-item:focus .elementor-gallery__item-overlay-content__title,.e-gallery-item:hover .elementor-gallery__item-overlay-bg,.e-gallery-item:hover .elementor-gallery__item-overlay-content,.e-gallery-item:hover .elementor-gallery__item-overlay-content__description,.e-gallery-item:hover .elementor-gallery__item-overlay-content__title{opacity:1}a.elementor-item.elementor-gallery-title{color:var(--galleries-title-color-normal)}a.elementor-item.elementor-gallery-title.elementor-item-active,a.elementor-item.elementor-gallery-title.highlighted,a.elementor-item.elementor-gallery-title:focus,a.elementor-item.elementor-gallery-title:hover{color:var(--galleries-title-color-hover)}a.elementor-item.elementor-gallery-title.elementor-item-active{color:var(--gallery-title-color-active)}.e-con-inner>.elementor-widget-gallery,.e-con>.elementor-widget-gallery{width:var(--container-widget-width);--flex-grow:var(--container-widget-flex-grow)}<\/style>\t\t<div class=\"elementor-gallery__container\">\n\t\t\t\t\t\t\t<a class=\"e-gallery-item elementor-gallery-item elementor-animated-content\" href=\"https:\/\/mayclinik.com\/wp-content\/uploads\/2023\/08\/obesity-before-after-6.jpg\" data-elementor-open-lightbox=\"yes\" data-elementor-lightbox-slideshow=\"21a4511\" data-elementor-lightbox-title=\"obesity-before-after-6\" data-e-action-hash=\"#elementor-action%3Aaction%3Dlightbox%26settings%3DeyJpZCI6Mjc3MjUsInVybCI6Imh0dHBzOlwvXC9tYXljbGluaWsuY29tXC93cC1jb250ZW50XC91cGxvYWRzXC8yMDIzXC8wOFwvb2Jlc2l0eS1iZWZvcmUtYWZ0ZXItNi5qcGciLCJzbGlkZXNob3ciOiIyMWE0NTExIn0%3D\">\n\t\t\t\t\t<div class=\"e-gallery-image elementor-gallery-item__image\" data-thumbnail=\"https:\/\/mayclinik.com\/wp-content\/uploads\/2023\/08\/obesity-before-after-6.jpg\" data-width=\"1284\" data-height=\"1281\" aria-label=\"\" role=\"img\" ><\/div>\n\t\t\t\t\t\t\t\t\t\t\t<div class=\"elementor-gallery-item__overlay\"><\/div>\n\t\t\t\t\t\t\t\t\t\t\t\t\t\t<\/a>\n\t\t\t\t\t\t\t<a class=\"e-gallery-item elementor-gallery-item elementor-animated-content\" href=\"https:\/\/mayclinik.com\/wp-content\/uploads\/2023\/08\/obesity-before-after-5.jpg\" data-elementor-open-lightbox=\"yes\" data-elementor-lightbox-slideshow=\"21a4511\" data-elementor-lightbox-title=\"obesity-before-after-5\" data-e-action-hash=\"#elementor-action%3Aaction%3Dlightbox%26settings%3DeyJpZCI6Mjc3MjYsInVybCI6Imh0dHBzOlwvXC9tYXljbGluaWsuY29tXC93cC1jb250ZW50XC91cGxvYWRzXC8yMDIzXC8wOFwvb2Jlc2l0eS1iZWZvcmUtYWZ0ZXItNS5qcGciLCJzbGlkZXNob3ciOiIyMWE0NTExIn0%3D\">\n\t\t\t\t\t<div class=\"e-gallery-image elementor-gallery-item__image\" data-thumbnail=\"https:\/\/mayclinik.com\/wp-content\/uploads\/2023\/08\/obesity-before-after-5.jpg\" data-width=\"1284\" data-height=\"1278\" aria-label=\"\" role=\"img\" ><\/div>\n\t\t\t\t\t\t\t\t\t\t\t<div class=\"elementor-gallery-item__overlay\"><\/div>\n\t\t\t\t\t\t\t\t\t\t\t\t\t\t<\/a>\n\t\t\t\t\t\t\t<a class=\"e-gallery-item elementor-gallery-item elementor-animated-content\" href=\"https:\/\/mayclinik.com\/wp-content\/uploads\/2023\/08\/obesity-before-after-4.jpg\" data-elementor-open-lightbox=\"yes\" data-elementor-lightbox-slideshow=\"21a4511\" data-elementor-lightbox-title=\"obesity-before-after-4\" data-e-action-hash=\"#elementor-action%3Aaction%3Dlightbox%26settings%3DeyJpZCI6Mjc3MjcsInVybCI6Imh0dHBzOlwvXC9tYXljbGluaWsuY29tXC93cC1jb250ZW50XC91cGxvYWRzXC8yMDIzXC8wOFwvb2Jlc2l0eS1iZWZvcmUtYWZ0ZXItNC5qcGciLCJzbGlkZXNob3ciOiIyMWE0NTExIn0%3D\">\n\t\t\t\t\t<div class=\"e-gallery-image elementor-gallery-item__image\" data-thumbnail=\"https:\/\/mayclinik.com\/wp-content\/uploads\/2023\/08\/obesity-before-after-4.jpg\" data-width=\"1284\" data-height=\"1279\" aria-label=\"\" role=\"img\" ><\/div>\n\t\t\t\t\t\t\t\t\t\t\t<div class=\"elementor-gallery-item__overlay\"><\/div>\n\t\t\t\t\t\t\t\t\t\t\t\t\t\t<\/a>\n\t\t\t\t\t\t\t<a class=\"e-gallery-item elementor-gallery-item elementor-animated-content\" href=\"https:\/\/mayclinik.com\/wp-content\/uploads\/2023\/08\/obesity-before-after-3.jpg\" data-elementor-open-lightbox=\"yes\" data-elementor-lightbox-slideshow=\"21a4511\" data-elementor-lightbox-title=\"obesity-before-after-3\" data-e-action-hash=\"#elementor-action%3Aaction%3Dlightbox%26settings%3DeyJpZCI6Mjc3MjgsInVybCI6Imh0dHBzOlwvXC9tYXljbGluaWsuY29tXC93cC1jb250ZW50XC91cGxvYWRzXC8yMDIzXC8wOFwvb2Jlc2l0eS1iZWZvcmUtYWZ0ZXItMy5qcGciLCJzbGlkZXNob3ciOiIyMWE0NTExIn0%3D\">\n\t\t\t\t\t<div class=\"e-gallery-image elementor-gallery-item__image\" data-thumbnail=\"https:\/\/mayclinik.com\/wp-content\/uploads\/2023\/08\/obesity-before-after-3.jpg\" data-width=\"1284\" data-height=\"1275\" aria-label=\"\" role=\"img\" ><\/div>\n\t\t\t\t\t\t\t\t\t\t\t<div class=\"elementor-gallery-item__overlay\"><\/div>\n\t\t\t\t\t\t\t\t\t\t\t\t\t\t<\/a>\n\t\t\t\t\t\t\t<a class=\"e-gallery-item elementor-gallery-item elementor-animated-content\" href=\"https:\/\/mayclinik.com\/wp-content\/uploads\/2023\/08\/obesity-before-after-2.jpg\" data-elementor-open-lightbox=\"yes\" data-elementor-lightbox-slideshow=\"21a4511\" data-elementor-lightbox-title=\"obesity-before-after-2\" data-e-action-hash=\"#elementor-action%3Aaction%3Dlightbox%26settings%3DeyJpZCI6Mjc3MjksInVybCI6Imh0dHBzOlwvXC9tYXljbGluaWsuY29tXC93cC1jb250ZW50XC91cGxvYWRzXC8yMDIzXC8wOFwvb2Jlc2l0eS1iZWZvcmUtYWZ0ZXItMi5qcGciLCJzbGlkZXNob3ciOiIyMWE0NTExIn0%3D\">\n\t\t\t\t\t<div class=\"e-gallery-image elementor-gallery-item__image\" data-thumbnail=\"https:\/\/mayclinik.com\/wp-content\/uploads\/2023\/08\/obesity-before-after-2.jpg\" data-width=\"1284\" data-height=\"1281\" aria-label=\"\" role=\"img\" ><\/div>\n\t\t\t\t\t\t\t\t\t\t\t<div class=\"elementor-gallery-item__overlay\"><\/div>\n\t\t\t\t\t\t\t\t\t\t\t\t\t\t<\/a>\n\t\t\t\t\t\t\t<a class=\"e-gallery-item elementor-gallery-item elementor-animated-content\" href=\"https:\/\/mayclinik.com\/wp-content\/uploads\/2023\/08\/obesity-before-after-1.jpg\" data-elementor-open-lightbox=\"yes\" data-elementor-lightbox-slideshow=\"21a4511\" data-elementor-lightbox-title=\"obesity-before-after-1\" data-e-action-hash=\"#elementor-action%3Aaction%3Dlightbox%26settings%3DeyJpZCI6Mjc3MzAsInVybCI6Imh0dHBzOlwvXC9tYXljbGluaWsuY29tXC93cC1jb250ZW50XC91cGxvYWRzXC8yMDIzXC8wOFwvb2Jlc2l0eS1iZWZvcmUtYWZ0ZXItMS5qcGciLCJzbGlkZXNob3ciOiIyMWE0NTExIn0%3D\">\n\t\t\t\t\t<div class=\"e-gallery-image elementor-gallery-item__image\" data-thumbnail=\"https:\/\/mayclinik.com\/wp-content\/uploads\/2023\/08\/obesity-before-after-1.jpg\" data-width=\"1200\" data-height=\"1200\" aria-label=\"\" role=\"img\" ><\/div>\n\t\t\t\t\t\t\t\t\t\t\t<div class=\"elementor-gallery-item__overlay\"><\/div>\n\t\t\t\t\t\t\t\t\t\t\t\t\t\t<\/a>\n\t\t\t\t\t\t\t<a class=\"e-gallery-item elementor-gallery-item elementor-animated-content\" href=\"https:\/\/mayclinik.com\/wp-content\/uploads\/2023\/08\/obesity-before-after-10.jpg\" data-elementor-open-lightbox=\"yes\" data-elementor-lightbox-slideshow=\"21a4511\" data-elementor-lightbox-title=\"obesity-before-after-10\" data-e-action-hash=\"#elementor-action%3Aaction%3Dlightbox%26settings%3DeyJpZCI6Mjc3MzEsInVybCI6Imh0dHBzOlwvXC9tYXljbGluaWsuY29tXC93cC1jb250ZW50XC91cGxvYWRzXC8yMDIzXC8wOFwvb2Jlc2l0eS1iZWZvcmUtYWZ0ZXItMTAuanBnIiwic2xpZGVzaG93IjoiMjFhNDUxMSJ9\">\n\t\t\t\t\t<div class=\"e-gallery-image elementor-gallery-item__image\" data-thumbnail=\"https:\/\/mayclinik.com\/wp-content\/uploads\/2023\/08\/obesity-before-after-10.jpg\" data-width=\"1284\" data-height=\"1272\" aria-label=\"\" role=\"img\" ><\/div>\n\t\t\t\t\t\t\t\t\t\t\t<div class=\"elementor-gallery-item__overlay\"><\/div>\n\t\t\t\t\t\t\t\t\t\t\t\t\t\t<\/a>\n\t\t\t\t\t\t\t<a class=\"e-gallery-item elementor-gallery-item elementor-animated-content\" href=\"https:\/\/mayclinik.com\/wp-content\/uploads\/2023\/08\/obesity-before-after-11.jpg\" data-elementor-open-lightbox=\"yes\" data-elementor-lightbox-slideshow=\"21a4511\" data-elementor-lightbox-title=\"obesity-before-after-11\" data-e-action-hash=\"#elementor-action%3Aaction%3Dlightbox%26settings%3DeyJpZCI6Mjc3MzIsInVybCI6Imh0dHBzOlwvXC9tYXljbGluaWsuY29tXC93cC1jb250ZW50XC91cGxvYWRzXC8yMDIzXC8wOFwvb2Jlc2l0eS1iZWZvcmUtYWZ0ZXItMTEuanBnIiwic2xpZGVzaG93IjoiMjFhNDUxMSJ9\">\n\t\t\t\t\t<div class=\"e-gallery-image elementor-gallery-item__image\" data-thumbnail=\"https:\/\/mayclinik.com\/wp-content\/uploads\/2023\/08\/obesity-before-after-11.jpg\" data-width=\"1284\" data-height=\"1270\" aria-label=\"\" role=\"img\" ><\/div>\n\t\t\t\t\t\t\t\t\t\t\t<div class=\"elementor-gallery-item__overlay\"><\/div>\n\t\t\t\t\t\t\t\t\t\t\t\t\t\t<\/a>\n\t\t\t\t\t\t\t<a class=\"e-gallery-item elementor-gallery-item elementor-animated-content\" href=\"https:\/\/mayclinik.com\/wp-content\/uploads\/2023\/08\/obesity-before-after-12.jpg\" data-elementor-open-lightbox=\"yes\" data-elementor-lightbox-slideshow=\"21a4511\" data-elementor-lightbox-title=\"obesity-before-after-12\" data-e-action-hash=\"#elementor-action%3Aaction%3Dlightbox%26settings%3DeyJpZCI6Mjc3MzMsInVybCI6Imh0dHBzOlwvXC9tYXljbGluaWsuY29tXC93cC1jb250ZW50XC91cGxvYWRzXC8yMDIzXC8wOFwvb2Jlc2l0eS1iZWZvcmUtYWZ0ZXItMTIuanBnIiwic2xpZGVzaG93IjoiMjFhNDUxMSJ9\">\n\t\t\t\t\t<div class=\"e-gallery-image elementor-gallery-item__image\" data-thumbnail=\"https:\/\/mayclinik.com\/wp-content\/uploads\/2023\/08\/obesity-before-after-12.jpg\" data-width=\"1284\" data-height=\"1279\" aria-label=\"\" role=\"img\" ><\/div>\n\t\t\t\t\t\t\t\t\t\t\t<div class=\"elementor-gallery-item__overlay\"><\/div>\n\t\t\t\t\t\t\t\t\t\t\t\t\t\t<\/a>\n\t\t\t\t\t\t\t<a class=\"e-gallery-item elementor-gallery-item elementor-animated-content\" href=\"https:\/\/mayclinik.com\/wp-content\/uploads\/2023\/08\/obesity-before-after-13.jpg\" data-elementor-open-lightbox=\"yes\" data-elementor-lightbox-slideshow=\"21a4511\" data-elementor-lightbox-title=\"obesity-before-after-13\" data-e-action-hash=\"#elementor-action%3Aaction%3Dlightbox%26settings%3DeyJpZCI6Mjc3MzQsInVybCI6Imh0dHBzOlwvXC9tYXljbGluaWsuY29tXC93cC1jb250ZW50XC91cGxvYWRzXC8yMDIzXC8wOFwvb2Jlc2l0eS1iZWZvcmUtYWZ0ZXItMTMuanBnIiwic2xpZGVzaG93IjoiMjFhNDUxMSJ9\">\n\t\t\t\t\t<div class=\"e-gallery-image elementor-gallery-item__image\" data-thumbnail=\"https:\/\/mayclinik.com\/wp-content\/uploads\/2023\/08\/obesity-before-after-13.jpg\" data-width=\"828\" data-height=\"828\" aria-label=\"\" role=\"img\" ><\/div>\n\t\t\t\t\t\t\t\t\t\t\t<div class=\"elementor-gallery-item__overlay\"><\/div>\n\t\t\t\t\t\t\t\t\t\t\t\t\t\t<\/a>\n\t\t\t\t\t\t\t<a class=\"e-gallery-item elementor-gallery-item elementor-animated-content\" href=\"https:\/\/mayclinik.com\/wp-content\/uploads\/2023\/08\/obesity-before-after-14.jpg\" data-elementor-open-lightbox=\"yes\" data-elementor-lightbox-slideshow=\"21a4511\" data-elementor-lightbox-title=\"obesity-before-after-14\" data-e-action-hash=\"#elementor-action%3Aaction%3Dlightbox%26settings%3DeyJpZCI6Mjc3MzUsInVybCI6Imh0dHBzOlwvXC9tYXljbGluaWsuY29tXC93cC1jb250ZW50XC91cGxvYWRzXC8yMDIzXC8wOFwvb2Jlc2l0eS1iZWZvcmUtYWZ0ZXItMTQuanBnIiwic2xpZGVzaG93IjoiMjFhNDUxMSJ9\">\n\t\t\t\t\t<div class=\"e-gallery-image elementor-gallery-item__image\" data-thumbnail=\"https:\/\/mayclinik.com\/wp-content\/uploads\/2023\/08\/obesity-before-after-14.jpg\" data-width=\"826\" data-height=\"818\" aria-label=\"\" role=\"img\" ><\/div>\n\t\t\t\t\t\t\t\t\t\t\t<div class=\"elementor-gallery-item__overlay\"><\/div>\n\t\t\t\t\t\t\t\t\t\t\t\t\t\t<\/a>\n\t\t\t\t\t\t\t<a class=\"e-gallery-item elementor-gallery-item elementor-animated-content\" href=\"https:\/\/mayclinik.com\/wp-content\/uploads\/2023\/08\/obesity-before-after-15.jpg\" data-elementor-open-lightbox=\"yes\" data-elementor-lightbox-slideshow=\"21a4511\" data-elementor-lightbox-title=\"obesity-before-after-15\" data-e-action-hash=\"#elementor-action%3Aaction%3Dlightbox%26settings%3DeyJpZCI6Mjc3MzYsInVybCI6Imh0dHBzOlwvXC9tYXljbGluaWsuY29tXC93cC1jb250ZW50XC91cGxvYWRzXC8yMDIzXC8wOFwvb2Jlc2l0eS1iZWZvcmUtYWZ0ZXItMTUuanBnIiwic2xpZGVzaG93IjoiMjFhNDUxMSJ9\">\n\t\t\t\t\t<div class=\"e-gallery-image elementor-gallery-item__image\" data-thumbnail=\"https:\/\/mayclinik.com\/wp-content\/uploads\/2023\/08\/obesity-before-after-15.jpg\" data-width=\"828\" data-height=\"815\" aria-label=\"\" role=\"img\" ><\/div>\n\t\t\t\t\t\t\t\t\t\t\t<div class=\"elementor-gallery-item__overlay\"><\/div>\n\t\t\t\t\t\t\t\t\t\t\t\t\t\t<\/a>\n\t\t\t\t\t\t\t<a class=\"e-gallery-item elementor-gallery-item elementor-animated-content\" href=\"https:\/\/mayclinik.com\/wp-content\/uploads\/2023\/08\/obesity-before-after-16.jpg\" data-elementor-open-lightbox=\"yes\" data-elementor-lightbox-slideshow=\"21a4511\" data-elementor-lightbox-title=\"obesity-before-after-16\" data-e-action-hash=\"#elementor-action%3Aaction%3Dlightbox%26settings%3DeyJpZCI6Mjc3MzcsInVybCI6Imh0dHBzOlwvXC9tYXljbGluaWsuY29tXC93cC1jb250ZW50XC91cGxvYWRzXC8yMDIzXC8wOFwvb2Jlc2l0eS1iZWZvcmUtYWZ0ZXItMTYuanBnIiwic2xpZGVzaG93IjoiMjFhNDUxMSJ9\">\n\t\t\t\t\t<div class=\"e-gallery-image elementor-gallery-item__image\" data-thumbnail=\"https:\/\/mayclinik.com\/wp-content\/uploads\/2023\/08\/obesity-before-after-16.jpg\" data-width=\"828\" data-height=\"831\" aria-label=\"\" role=\"img\" ><\/div>\n\t\t\t\t\t\t\t\t\t\t\t<div class=\"elementor-gallery-item__overlay\"><\/div>\n\t\t\t\t\t\t\t\t\t\t\t\t\t\t<\/a>\n\t\t\t\t\t\t\t<a class=\"e-gallery-item elementor-gallery-item elementor-animated-content\" href=\"https:\/\/mayclinik.com\/wp-content\/uploads\/2023\/08\/obesity-before-after-9.jpg\" data-elementor-open-lightbox=\"yes\" data-elementor-lightbox-slideshow=\"21a4511\" data-elementor-lightbox-title=\"obesity-before-after-9\" data-e-action-hash=\"#elementor-action%3Aaction%3Dlightbox%26settings%3DeyJpZCI6Mjc3MzgsInVybCI6Imh0dHBzOlwvXC9tYXljbGluaWsuY29tXC93cC1jb250ZW50XC91cGxvYWRzXC8yMDIzXC8wOFwvb2Jlc2l0eS1iZWZvcmUtYWZ0ZXItOS5qcGciLCJzbGlkZXNob3ciOiIyMWE0NTExIn0%3D\">\n\t\t\t\t\t<div class=\"e-gallery-image elementor-gallery-item__image\" data-thumbnail=\"https:\/\/mayclinik.com\/wp-content\/uploads\/2023\/08\/obesity-before-after-9.jpg\" data-width=\"1284\" data-height=\"1269\" aria-label=\"\" role=\"img\" ><\/div>\n\t\t\t\t\t\t\t\t\t\t\t<div class=\"elementor-gallery-item__overlay\"><\/div>\n\t\t\t\t\t\t\t\t\t\t\t\t\t\t<\/a>\n\t\t\t\t\t\t\t<a class=\"e-gallery-item elementor-gallery-item elementor-animated-content\" href=\"https:\/\/mayclinik.com\/wp-content\/uploads\/2023\/08\/obesity-before-after-8.jpg\" data-elementor-open-lightbox=\"yes\" data-elementor-lightbox-slideshow=\"21a4511\" data-elementor-lightbox-title=\"obesity-before-after-8\" data-e-action-hash=\"#elementor-action%3Aaction%3Dlightbox%26settings%3DeyJpZCI6Mjc3MzksInVybCI6Imh0dHBzOlwvXC9tYXljbGluaWsuY29tXC93cC1jb250ZW50XC91cGxvYWRzXC8yMDIzXC8wOFwvb2Jlc2l0eS1iZWZvcmUtYWZ0ZXItOC5qcGciLCJzbGlkZXNob3ciOiIyMWE0NTExIn0%3D\">\n\t\t\t\t\t<div class=\"e-gallery-image elementor-gallery-item__image\" data-thumbnail=\"https:\/\/mayclinik.com\/wp-content\/uploads\/2023\/08\/obesity-before-after-8.jpg\" data-width=\"1284\" data-height=\"1287\" aria-label=\"\" role=\"img\" ><\/div>\n\t\t\t\t\t\t\t\t\t\t\t<div class=\"elementor-gallery-item__overlay\"><\/div>\n\t\t\t\t\t\t\t\t\t\t\t\t\t\t<\/a>\n\t\t\t\t\t\t\t<a class=\"e-gallery-item elementor-gallery-item elementor-animated-content\" href=\"https:\/\/mayclinik.com\/wp-content\/uploads\/2023\/08\/obesity-before-after-7.jpg\" data-elementor-open-lightbox=\"yes\" data-elementor-lightbox-slideshow=\"21a4511\" data-elementor-lightbox-title=\"obesity-before-after-7\" data-e-action-hash=\"#elementor-action%3Aaction%3Dlightbox%26settings%3DeyJpZCI6Mjc3NDEsInVybCI6Imh0dHBzOlwvXC9tYXljbGluaWsuY29tXC93cC1jb250ZW50XC91cGxvYWRzXC8yMDIzXC8wOFwvb2Jlc2l0eS1iZWZvcmUtYWZ0ZXItNy5qcGciLCJzbGlkZXNob3ciOiIyMWE0NTExIn0%3D\">\n\t\t\t\t\t<div class=\"e-gallery-image elementor-gallery-item__image\" data-thumbnail=\"https:\/\/mayclinik.com\/wp-content\/uploads\/2023\/08\/obesity-before-after-7.jpg\" data-width=\"1284\" data-height=\"1283\" aria-label=\"\" role=\"img\" ><\/div>\n\t\t\t\t\t\t\t\t\t\t\t<div class=\"elementor-gallery-item__overlay\"><\/div>\n\t\t\t\t\t\t\t\t\t\t\t\t\t\t<\/a>\n\t\t\t\t\t\t\t<a class=\"e-gallery-item elementor-gallery-item elementor-animated-content\" href=\"https:\/\/mayclinik.com\/wp-content\/uploads\/2023\/09\/IMG_1642.jpg\" data-elementor-open-lightbox=\"yes\" data-elementor-lightbox-slideshow=\"21a4511\" data-elementor-lightbox-title=\"IMG_1642\" data-e-action-hash=\"#elementor-action%3Aaction%3Dlightbox%26settings%3DeyJpZCI6MzUyNDcsInVybCI6Imh0dHBzOlwvXC9tYXljbGluaWsuY29tXC93cC1jb250ZW50XC91cGxvYWRzXC8yMDIzXC8wOVwvSU1HXzE2NDIuanBnIiwic2xpZGVzaG93IjoiMjFhNDUxMSJ9\">\n\t\t\t\t\t<div class=\"e-gallery-image elementor-gallery-item__image\" data-thumbnail=\"https:\/\/mayclinik.com\/wp-content\/uploads\/2023\/09\/IMG_1642.jpg\" data-width=\"1282\" data-height=\"1275\" aria-label=\"\" role=\"img\" ><\/div>\n\t\t\t\t\t\t\t\t\t\t\t<div class=\"elementor-gallery-item__overlay\"><\/div>\n\t\t\t\t\t\t\t\t\t\t\t\t\t\t<\/a>\n\t\t\t\t\t<\/div>\n\t\t\t<\/div>\n\t\t\t\t<\/div>\n\t\t\t\t\t<\/div>\n\t\t<\/div>\n\t\t\t\t\t\t\t<\/div>\n\t\t<\/div>\n\t\t\t\t\t\t\t<\/div>\n\t\t","protected":false},"excerpt":{"rendered":"","protected":false},"author":1,"featured_media":0,"parent":0,"menu_order":0,"comment_status":"closed","ping_status":"closed","template":"","meta":{"inline_featured_image":false,"footnotes":""},"tags":[],"_links":{"self":[{"href":"https:\/\/mayclinik.com\/fr\/wp-json\/wp\/v2\/pages\/40234"}],"collection":[{"href":"https:\/\/mayclinik.com\/fr\/wp-json\/wp\/v2\/pages"}],"about":[{"href":"https:\/\/mayclinik.com\/fr\/wp-json\/wp\/v2\/types\/page"}],"author":[{"embeddable":true,"href":"https:\/\/mayclinik.com\/fr\/wp-json\/wp\/v2\/users\/1"}],"replies":[{"embeddable":true,"href":"https:\/\/mayclinik.com\/fr\/wp-json\/wp\/v2\/comments?post=40234"}],"version-history":[{"count":1,"href":"https:\/\/mayclinik.com\/fr\/wp-json\/wp\/v2\/pages\/40234\/revisions"}],"predecessor-version":[{"id":40235,"href":"https:\/\/mayclinik.com\/fr\/wp-json\/wp\/v2\/pages\/40234\/revisions\/40235"}],"wp:attachment":[{"href":"https:\/\/mayclinik.com\/fr\/wp-json\/wp\/v2\/media?parent=40234"}],"wp:term":[{"taxonomy":"post_tag","embeddable":true,"href":"https:\/\/mayclinik.com\/fr\/wp-json\/wp\/v2\/tags?post=40234"}],"curies":[{"name":"wp","href":"https:\/\/api.w.org\/{rel}","templated":true}]}}