{"id":40210,"date":"2023-08-14T23:15:11","date_gmt":"2023-08-14T20:15:11","guid":{"rendered":"https:\/\/mayclinik.com\/pourquoi-la-turquie\/"},"modified":"2024-04-04T03:51:54","modified_gmt":"2024-04-04T00:51:54","slug":"pourquoi-la-turquie","status":"publish","type":"page","link":"https:\/\/mayclinik.com\/fr\/pourquoi-la-turquie\/","title":{"rendered":"Pourquoi la Turquie ?"},"content":{"rendered":"\t\t<div data-elementor-type=\"wp-page\" data-elementor-id=\"40210\" class=\"elementor elementor-40210 elementor-27428\" data-elementor-post-type=\"page\">\n\t\t\t\t\t\t\t\t\t<section class=\"elementor-section elementor-top-section elementor-element elementor-element-fa9f3d6 elementor-section-boxed elementor-section-height-default elementor-section-height-default\" data-id=\"fa9f3d6\" data-element_type=\"section\">\n\t\t\t\t\t\t<div class=\"elementor-container elementor-column-gap-default\">\n\t\t\t\t\t<div class=\"elementor-column elementor-col-100 elementor-top-column elementor-element elementor-element-0038f40\" data-id=\"0038f40\" data-element_type=\"column\">\n\t\t\t<div class=\"elementor-widget-wrap elementor-element-populated\">\n\t\t\t\t\t\t\t\t<div class=\"elementor-element elementor-element-fa660b2 elementor-widget elementor-widget-heading\" data-id=\"fa660b2\" data-element_type=\"widget\" data-widget_type=\"heading.default\">\n\t\t\t\t<div class=\"elementor-widget-container\">\n\t\t\t<style>\/*! elementor - v3.15.0 - 02-08-2023 *\/\n.elementor-heading-title{padding:0;margin:0;line-height:1}.elementor-widget-heading .elementor-heading-title[class*=elementor-size-]>a{color:inherit;font-size:inherit;line-height:inherit}.elementor-widget-heading .elementor-heading-title.elementor-size-small{font-size:15px}.elementor-widget-heading .elementor-heading-title.elementor-size-medium{font-size:19px}.elementor-widget-heading .elementor-heading-title.elementor-size-large{font-size:29px}.elementor-widget-heading .elementor-heading-title.elementor-size-xl{font-size:39px}.elementor-widget-heading .elementor-heading-title.elementor-size-xxl{font-size:59px}<\/style><h1 class=\"elementor-heading-title elementor-size-default\"><span class=\"ez-toc-section\" id=\"pourquoi-la-turquie\"><\/span>Pourquoi la Turquie ?<span class=\"ez-toc-section-end\"><\/span><\/h1>\t\t<\/div>\n\t\t\t\t<\/div>\n\t\t\t\t\t<\/div>\n\t\t<\/div>\n\t\t\t\t\t\t\t<\/div>\n\t\t<\/section>\n\t\t\t\t<div class=\"elementor-section elementor-top-section elementor-element elementor-element-41aab14 elementor-section-boxed elementor-section-height-default elementor-section-height-default\" data-id=\"41aab14\" data-element_type=\"section\">\n\t\t\t\t\t\t<div class=\"elementor-container elementor-column-gap-no\">\n\t\t\t\t\t<div class=\"elementor-column elementor-col-100 elementor-top-column elementor-element elementor-element-b40c340\" data-id=\"b40c340\" data-element_type=\"column\">\n\t\t\t<div class=\"elementor-widget-wrap elementor-element-populated\">\n\t\t\t\t\t\t\t\t<div class=\"elementor-element elementor-element-159d5b2 elementor-widget__width-initial elementor-widget elementor-widget-text-editor\" data-id=\"159d5b2\" data-element_type=\"widget\" data-widget_type=\"text-editor.default\">\n\t\t\t\t<div class=\"elementor-widget-container\">\n\t\t\t<style>\/*! elementor - v3.15.0 - 02-08-2023 *\/\n.elementor-widget-text-editor.elementor-drop-cap-view-stacked .elementor-drop-cap{background-color:#69727d;color:#fff}.elementor-widget-text-editor.elementor-drop-cap-view-framed .elementor-drop-cap{color:#69727d;border:3px solid;background-color:transparent}.elementor-widget-text-editor:not(.elementor-drop-cap-view-default) .elementor-drop-cap{margin-top:8px}.elementor-widget-text-editor:not(.elementor-drop-cap-view-default) .elementor-drop-cap-letter{width:1em;height:1em}.elementor-widget-text-editor .elementor-drop-cap{float:left;text-align:center;line-height:1;font-size:50px}.elementor-widget-text-editor .elementor-drop-cap-letter{display:inline-block}<\/style>\t\t\t\t<p>La Turquie figure parmi les 10 premiers dans le secteur de la sant\u00e9 au monde gr\u00e2ce \u00e0 ses infrastructures de sant\u00e9 et \u00e0 la qualit\u00e9 de son potentiel touristique en tant que destination de tourisme m\u00e9dical. Le tourisme m\u00e9dical est tr\u00e8s d\u00e9velopp\u00e9 en Turquie. En 2017, la Turquie a accueilli 700 000 visiteurs pour des traitements m\u00e9dicaux. La Turquie, r\u00e9put\u00e9e pour ses ressources thermales, est un pays qui r\u00e9pond aux demandes des touristes et offre la meilleure qualit\u00e9 d&rsquo;h\u00e9bergement dans des h\u00f4tels cinq \u00e9toiles.<\/p>\n<p>Notre pays, gr\u00e2ce au programme de transformation de la sant\u00e9 et \u00e0 la haute qualit\u00e9 de la prestation de services de sant\u00e9 \u00e0 nos citoyens au cours des derni\u00e8res ann\u00e9es, dispose d&rsquo;un potentiel de tourisme de sant\u00e9 en croissance rapide et est le pays le plus pr\u00e9f\u00e9r\u00e9 parmi les pays de premi\u00e8re qualit\u00e9. La Turquie compte 50 pays de sant\u00e9. installations dot\u00e9es d&rsquo;\u00e9quipements m\u00e9dicaux de derni\u00e8re technologie et de professionnels hautement qualifi\u00e9s accr\u00e9dit\u00e9s par la Commission mixte internationale. La Turquie, le monde est situ\u00e9 dans 50 h\u00f4pitaux accr\u00e9dit\u00e9s JCI est le deuxi\u00e8me en termes de nombre d&rsquo;\u00e9tablissements de sant\u00e9 accr\u00e9dit\u00e9s. Le nombre d&rsquo;\u00e9tablissements priv\u00e9s et publics contr\u00f4l\u00e9s par le Le minist\u00e8re est bien plus que cela.<\/p>\n<p>Il y a trois grands avantages du tourisme m\u00e9dical en Turquie\u00a0: prix raisonnable, acc\u00e8s instantan\u00e9 \u00e0 des soins et traitements de haute qualit\u00e9 selon les normes mondiales. Le plus grand avantage offert par la Turquie est l\u2019\u00e9conomie d\u2019argent. De nombreuses proc\u00e9dures sont 50 \u00e0 70 % moins co\u00fbteuses que le m\u00eame traitement dans l\u2019UE.<\/p>\n<p>La Turquie est d\u00e9sormais l\u2019une des destinations les plus pris\u00e9es des touristes m\u00e9dicaux. Les h\u00f4pitaux turcs offrent aujourd\u2019hui les traitements m\u00e9dicaux et les technologies les plus avanc\u00e9s au monde. En plus d&rsquo;\u00eatre technologiquement avanc\u00e9 en mati\u00e8re d&rsquo;infrastructure m\u00e9dicale, le tourisme de sant\u00e9 en Turquie occupe une position de leader avec de nombreux avantages.<\/p>\n<p>Les principales raisons de choisir la Turquie comme destination m\u00e9dicale sont\u00a0:<\/p>\n<p>\u2022 H\u00f4pitaux accr\u00e9dit\u00e9s JCI et bien \u00e9quip\u00e9s<br \/>\n\u2022 Haute qualit\u00e9 de services de sant\u00e9<br \/>\n\u2022 Prix comp\u00e9titifs<br \/>\n\u2022 Hospitalit\u00e9 et culture<br \/>\n\u2022 Situation g\u00e9ographique<br \/>\n\u2022 Attractions traditionnelles, naturelles, historiques et touristiques.<\/p>\n\t\t\t\t\t\t<\/div>\n\t\t\t\t<\/div>\n\t\t\t\t\t<\/div>\n\t\t<\/div>\n\t\t\t\t\t\t\t<\/div>\n\t\t<\/div>\n\t\t\t\t<section class=\"elementor-section elementor-top-section elementor-element elementor-element-72a9845 elementor-section-content-middle elementor-section-boxed elementor-section-height-default elementor-section-height-default\" data-id=\"72a9845\" data-element_type=\"section\">\n\t\t\t\t\t\t<div class=\"elementor-container elementor-column-gap-default\">\n\t\t\t\t\t<div class=\"elementor-column elementor-col-100 elementor-top-column elementor-element elementor-element-87e3644\" data-id=\"87e3644\" data-element_type=\"column\">\n\t\t\t<div class=\"elementor-widget-wrap elementor-element-populated\">\n\t\t\t\t\t\t\t\t<div class=\"elementor-element elementor-element-15e9633 elementor-invisible elementor-widget elementor-widget-image\" data-id=\"15e9633\" data-element_type=\"widget\" data-settings=\"{&quot;_animation&quot;:&quot;bounceIn&quot;}\" data-widget_type=\"image.default\">\n\t\t\t\t<div class=\"elementor-widget-container\">\n\t\t\t<style>\/*! elementor - v3.15.0 - 02-08-2023 *\/\n.elementor-widget-image{text-align:center}.elementor-widget-image a{display:inline-block}.elementor-widget-image a img[src$=\".svg\"]{width:48px}.elementor-widget-image img{vertical-align:middle;display:inline-block}<\/style>\t\t\t\t\t\t\t\t\t\t\t\t<img decoding=\"async\" loading=\"lazy\" width=\"1300\" height=\"350\" src=\"https:\/\/mayclinik.com\/wp-content\/uploads\/2023\/09\/saglik-turizmi1.jpg.jpg\" class=\"attachment-full size-full wp-image-33862\" alt=\"\" \/>\t\t\t\t\t\t\t\t\t\t\t\t\t\t\t<\/div>\n\t\t\t\t<\/div>\n\t\t\t\t\t<\/div>\n\t\t<\/div>\n\t\t\t\t\t\t\t<\/div>\n\t\t<\/section>\n\t\t\t\t<section class=\"elementor-section elementor-top-section elementor-element elementor-element-4a4c249 elementor-section-boxed elementor-section-height-default elementor-section-height-default\" data-id=\"4a4c249\" data-element_type=\"section\">\n\t\t\t\t\t\t<div class=\"elementor-container elementor-column-gap-default\">\n\t\t\t\t\t<div class=\"elementor-column elementor-col-100 elementor-top-column elementor-element elementor-element-1fce43b\" data-id=\"1fce43b\" data-element_type=\"column\">\n\t\t\t<div class=\"elementor-widget-wrap\">\n\t\t\t\t\t\t\t\t\t<\/div>\n\t\t<\/div>\n\t\t\t\t\t\t\t<\/div>\n\t\t<\/section>\n\t\t\t\t\t\t\t<\/div>\n\t\t<div id=\"ez-toc-container\" class=\"ez-toc-v2_0_55 ez-toc-wrap-center counter-hierarchy ez-toc-counter ez-toc-light-blue ez-toc-container-direction\">\n<div class=\"ez-toc-title-container\">\n<p class=\"ez-toc-title \" >Table des mati\u00e8res<\/p>\n<span class=\"ez-toc-title-toggle\"><a href=\"#\" class=\"ez-toc-pull-right ez-toc-btn ez-toc-btn-xs ez-toc-btn-default ez-toc-toggle\" aria-label=\"Toggle Table of Content\" role=\"button\"><label for=\"item-69d7d10cb49ac\" ><span class=\"\"><span style=\"display:none;\">Toggle<\/span><span class=\"ez-toc-icon-toggle-span\"><svg style=\"fill: #999;color:#999\" xmlns=\"http:\/\/www.w3.org\/2000\/svg\" class=\"list-377408\" width=\"20px\" height=\"20px\" viewBox=\"0 0 24 24\" fill=\"none\"><path d=\"M6 6H4v2h2V6zm14 0H8v2h12V6zM4 11h2v2H4v-2zm16 0H8v2h12v-2zM4 16h2v2H4v-2zm16 0H8v2h12v-2z\" fill=\"currentColor\"><\/path><\/svg><svg style=\"fill: #999;color:#999\" class=\"arrow-unsorted-368013\" xmlns=\"http:\/\/www.w3.org\/2000\/svg\" width=\"10px\" height=\"10px\" viewBox=\"0 0 24 24\" version=\"1.2\" baseProfile=\"tiny\"><path d=\"M18.2 9.3l-6.2-6.3-6.2 6.3c-.2.2-.3.4-.3.7s.1.5.3.7c.2.2.4.3.7.3h11c.3 0 .5-.1.7-.3.2-.2.3-.5.3-.7s-.1-.5-.3-.7zM5.8 14.7l6.2 6.3 6.2-6.3c.2-.2.3-.5.3-.7s-.1-.5-.3-.7c-.2-.2-.4-.3-.7-.3h-11c-.3 0-.5.1-.7.3-.2.2-.3.5-.3.7s.1.5.3.7z\"\/><\/svg><\/span><\/span><\/label><input aria-label=\"Toggle\" aria-label=\"item-69d7d10cb49ac\"  type=\"checkbox\" id=\"item-69d7d10cb49ac\"><\/a><\/span><\/div>\n<nav><ul class='ez-toc-list ez-toc-list-level-1 eztoc-toggle-hide-by-default' ><li class='ez-toc-page-1 ez-toc-heading-level-1'><a class=\"ez-toc-link ez-toc-heading-1\" href=\"https:\/\/mayclinik.com\/fr\/pourquoi-la-turquie\/#pourquoi-la-turquie\" title=\"Pourquoi la Turquie ?\">Pourquoi la Turquie ?<\/a><\/li><\/ul><\/nav><\/div>\n","protected":false},"excerpt":{"rendered":"<p>Pourquoi la Turquie ? La Turquie figure parmi les 10 premiers dans le secteur de la sant\u00e9 au monde gr\u00e2ce \u00e0 ses infrastructures de sant\u00e9 et \u00e0 la qualit\u00e9 de son potentiel touristique en tant que destination de tourisme m\u00e9dical. Le tourisme m\u00e9dical est tr\u00e8s d\u00e9velopp\u00e9 en Turquie. En 2017, la Turquie a accueilli 700 [&hellip;]<\/p>\n","protected":false},"author":1,"featured_media":0,"parent":0,"menu_order":0,"comment_status":"closed","ping_status":"closed","template":"template-homepage.php","meta":{"inline_featured_image":false,"footnotes":""},"tags":[],"_links":{"self":[{"href":"https:\/\/mayclinik.com\/fr\/wp-json\/wp\/v2\/pages\/40210"}],"collection":[{"href":"https:\/\/mayclinik.com\/fr\/wp-json\/wp\/v2\/pages"}],"about":[{"href":"https:\/\/mayclinik.com\/fr\/wp-json\/wp\/v2\/types\/page"}],"author":[{"embeddable":true,"href":"https:\/\/mayclinik.com\/fr\/wp-json\/wp\/v2\/users\/1"}],"replies":[{"embeddable":true,"href":"https:\/\/mayclinik.com\/fr\/wp-json\/wp\/v2\/comments?post=40210"}],"version-history":[{"count":3,"href":"https:\/\/mayclinik.com\/fr\/wp-json\/wp\/v2\/pages\/40210\/revisions"}],"predecessor-version":[{"id":40213,"href":"https:\/\/mayclinik.com\/fr\/wp-json\/wp\/v2\/pages\/40210\/revisions\/40213"}],"wp:attachment":[{"href":"https:\/\/mayclinik.com\/fr\/wp-json\/wp\/v2\/media?parent=40210"}],"wp:term":[{"taxonomy":"post_tag","embeddable":true,"href":"https:\/\/mayclinik.com\/fr\/wp-json\/wp\/v2\/tags?post=40210"}],"curies":[{"name":"wp","href":"https:\/\/api.w.org\/{rel}","templated":true}]}}