{"id":40187,"date":"2023-08-29T23:45:49","date_gmt":"2023-08-29T20:45:49","guid":{"rendered":"https:\/\/mayclinik.com\/chirurgie-plastique-en-turquie\/esthetique-du-visage-turquie\/"},"modified":"2025-05-08T13:21:36","modified_gmt":"2025-05-08T10:21:36","slug":"esthetique-du-visage-turquie","status":"publish","type":"page","link":"https:\/\/mayclinik.com\/fr\/esthetique-du-visage-turquie\/","title":{"rendered":"Esth\u00e9tique du visage Turquie"},"content":{"rendered":"\t\t<div data-elementor-type=\"wp-page\" data-elementor-id=\"40187\" class=\"elementor elementor-40187 elementor-29490\" data-elementor-post-type=\"page\">\n\t\t\t\t\t\t\t\t\t<section class=\"elementor-section elementor-top-section elementor-element elementor-element-77f4017 elementor-section-stretched elementor-section-boxed elementor-section-height-default elementor-section-height-default\" data-id=\"77f4017\" data-element_type=\"section\" data-settings=\"{&quot;stretch_section&quot;:&quot;section-stretched&quot;}\">\n\t\t\t\t\t\t<div class=\"elementor-container elementor-column-gap-default\">\n\t\t\t\t\t<div class=\"elementor-column elementor-col-100 elementor-top-column elementor-element elementor-element-1f5a768\" data-id=\"1f5a768\" data-element_type=\"column\">\n\t\t\t<div class=\"elementor-widget-wrap elementor-element-populated\">\n\t\t\t\t\t\t\t\t<div class=\"elementor-element elementor-element-17b0912 box-align-center elementor-widget elementor-widget-smartic-media-carousel\" data-id=\"17b0912\" data-element_type=\"widget\" data-widget_type=\"smartic-media-carousel.default\">\n\t\t\t\t<div class=\"elementor-widget-container\">\n\t\t\t        <div class=\"smartic-media-carousel-wrapper\">\n            <div class=\"row media_style3\" data-elementor-columns=\"4\" data-elementor-columns-tablet=\"2\" data-elementor-columns-mobile=\"2\">\n                                    <div class=\"column-item elementor-image-item\">\n                    <a href=\"https:\/\/mayclinik.com\/nose-aesthetics-rhinoplasty-turkey\/\"   aria-label=\"Nose Aesthetics (Rhinoplasty)\">                    <div class=\"elementor-image-item__wrapper\">\n                            <div class=\"elementor-image-item__wrapper-inner\">\n                                            <div class=\"elementor-media-carousel__img\">\n                <img loading=\"lazy\" width=\"300\" height=\"300\" src=\"https:\/\/mayclinik.com\/wp-content\/uploads\/2023\/09\/nose-aestetic.jpg\" class=\"attachment-full size-full wp-image-33182\" alt=\"\" decoding=\"async\" \/>                <span class=\"media-carousel-background\"><\/span>\n            <\/div>\n                                        <div class=\"elementor-media-carousel__content\">\n                                    <div class=\"elementor-media-carousel__content-inner\">\n                                        <div class=\"title\"><a href=\"https:\/\/mayclinik.com\/nose-aesthetics-rhinoplasty-turkey\/\"  title=\"Nose Aesthetics (Rhinoplasty)\">Nose Aesthetics (Rhinoplasty)<\/a><\/div>                                    <\/div>\n                                <\/div><\/a>\n                            <\/div>\n                        <\/div>\n                    <\/div>\n                                    <div class=\"column-item elementor-image-item\">\n                    <a href=\"https:\/\/mayclinik.com\/face-and-neck-lifting-turkey\/\"   aria-label=\"Face and Neck Lifting in Turkey\">                    <div class=\"elementor-image-item__wrapper\">\n                            <div class=\"elementor-image-item__wrapper-inner\">\n                                            <div class=\"elementor-media-carousel__img\">\n                <img loading=\"lazy\" width=\"300\" height=\"300\" src=\"https:\/\/mayclinik.com\/wp-content\/uploads\/2023\/09\/face-necklift.jpg\" class=\"attachment-full size-full wp-image-33160\" alt=\"\" decoding=\"async\" \/>                <span class=\"media-carousel-background\"><\/span>\n            <\/div>\n                                        <div class=\"elementor-media-carousel__content\">\n                                    <div class=\"elementor-media-carousel__content-inner\">\n                                        <div class=\"title\"><a href=\"https:\/\/mayclinik.com\/face-and-neck-lifting-turkey\/\"  title=\"Face and Neck Lifting in Turkey\">Face and Neck Lifting in Turkey<\/a><\/div>                                    <\/div>\n                                <\/div><\/a>\n                            <\/div>\n                        <\/div>\n                    <\/div>\n                                    <div class=\"column-item elementor-image-item\">\n                    <a href=\"https:\/\/mayclinik.com\/eyebrow-lift-turkey\/\"   aria-label=\"Endoscopic Eyebrow Lift in Turkey\">                    <div class=\"elementor-image-item__wrapper\">\n                            <div class=\"elementor-image-item__wrapper-inner\">\n                                            <div class=\"elementor-media-carousel__img\">\n                <img loading=\"lazy\" width=\"300\" height=\"300\" src=\"https:\/\/mayclinik.com\/wp-content\/uploads\/2023\/09\/eyebrow-lift-copy.jpg\" class=\"attachment-full size-full wp-image-33916\" alt=\"\" decoding=\"async\" \/>                <span class=\"media-carousel-background\"><\/span>\n            <\/div>\n                                        <div class=\"elementor-media-carousel__content\">\n                                    <div class=\"elementor-media-carousel__content-inner\">\n                                        <div class=\"title\"><a href=\"https:\/\/mayclinik.com\/eyebrow-lift-turkey\/\"  title=\"Endoscopic Eyebrow Lift in Turkey\">Endoscopic Eyebrow Lift in Turkey<\/a><\/div>                                    <\/div>\n                                <\/div><\/a>\n                            <\/div>\n                        <\/div>\n                    <\/div>\n                                    <div class=\"column-item elementor-image-item\">\n                    <a href=\"https:\/\/mayclinik.com\/deep-plane-facelift-turkey\/\"   aria-label=\"Deep Plane Facelift in Turkey\">                    <div class=\"elementor-image-item__wrapper\">\n                            <div class=\"elementor-image-item__wrapper-inner\">\n                                            <div class=\"elementor-media-carousel__img\">\n                <img loading=\"lazy\" width=\"300\" height=\"300\" src=\"https:\/\/mayclinik.com\/wp-content\/uploads\/2023\/09\/face-andneck.jpg\" class=\"attachment-full size-full wp-image-33145\" alt=\"\" decoding=\"async\" \/>                <span class=\"media-carousel-background\"><\/span>\n            <\/div>\n                                        <div class=\"elementor-media-carousel__content\">\n                                    <div class=\"elementor-media-carousel__content-inner\">\n                                        <div class=\"title\"><a href=\"https:\/\/mayclinik.com\/deep-plane-facelift-turkey\/\"  title=\"Deep Plane Facelift in Turkey\">Deep Plane Facelift in Turkey<\/a><\/div>                                    <\/div>\n                                <\/div><\/a>\n                            <\/div>\n                        <\/div>\n                    <\/div>\n                                    <div class=\"column-item elementor-image-item\">\n                    <a href=\"https:\/\/mayclinik.com\/endoscopic-mid-face-lift-turkey\/\"   aria-label=\"Endoscopic Mid-Face Lift in Turkey\">                    <div class=\"elementor-image-item__wrapper\">\n                            <div class=\"elementor-image-item__wrapper-inner\">\n                                            <div class=\"elementor-media-carousel__img\">\n                <img loading=\"lazy\" width=\"300\" height=\"300\" src=\"https:\/\/mayclinik.com\/wp-content\/uploads\/2023\/09\/mid-face-lift.jpeg\" class=\"attachment-full size-full wp-image-33898\" alt=\"\" decoding=\"async\" \/>                <span class=\"media-carousel-background\"><\/span>\n            <\/div>\n                                        <div class=\"elementor-media-carousel__content\">\n                                    <div class=\"elementor-media-carousel__content-inner\">\n                                        <div class=\"title\"><a href=\"https:\/\/mayclinik.com\/endoscopic-mid-face-lift-turkey\/\"  title=\"Endoscopic Mid-Face Lift in Turkey\">Endoscopic Mid-Face Lift in Turkey<\/a><\/div>                                    <\/div>\n                                <\/div><\/a>\n                            <\/div>\n                        <\/div>\n                    <\/div>\n                                    <div class=\"column-item elementor-image-item\">\n                    <a href=\"https:\/\/mayclinik.com\/eyelid-aesthetic-turkey\/\"   aria-label=\"Eyelid Aesthetic in Turkey\">                    <div class=\"elementor-image-item__wrapper\">\n                            <div class=\"elementor-image-item__wrapper-inner\">\n                                            <div class=\"elementor-media-carousel__img\">\n                <img loading=\"lazy\" width=\"300\" height=\"300\" src=\"https:\/\/mayclinik.com\/wp-content\/uploads\/2023\/09\/eyelid-surgery.jpeg\" class=\"attachment-full size-full wp-image-33895\" alt=\"\" decoding=\"async\" \/>                <span class=\"media-carousel-background\"><\/span>\n            <\/div>\n                                        <div class=\"elementor-media-carousel__content\">\n                                    <div class=\"elementor-media-carousel__content-inner\">\n                                        <div class=\"title\"><a href=\"https:\/\/mayclinik.com\/eyelid-aesthetic-turkey\/\"  title=\"Eyelid Aesthetic in Turkey\">Eyelid Aesthetic in Turkey<\/a><\/div>                                    <\/div>\n                                <\/div><\/a>\n                            <\/div>\n                        <\/div>\n                    <\/div>\n                            <\/div>\n        <\/div>\n        \t\t<\/div>\n\t\t\t\t<\/div>\n\t\t\t\t\t<\/div>\n\t\t<\/div>\n\t\t\t\t\t\t\t<\/div>\n\t\t<\/section>\n\t\t\t\t<section class=\"elementor-section elementor-top-section elementor-element elementor-element-5d1033c elementor-section-stretched elementor-section-boxed elementor-section-height-default elementor-section-height-default\" data-id=\"5d1033c\" data-element_type=\"section\" data-settings=\"{&quot;stretch_section&quot;:&quot;section-stretched&quot;,&quot;background_background&quot;:&quot;classic&quot;}\">\n\t\t\t\t\t\t<div class=\"elementor-container elementor-column-gap-default\">\n\t\t\t\t\t<div class=\"elementor-column elementor-col-100 elementor-top-column elementor-element elementor-element-2a19939\" data-id=\"2a19939\" data-element_type=\"column\">\n\t\t\t<div class=\"elementor-widget-wrap elementor-element-populated\">\n\t\t\t\t\t\t\t\t<div class=\"elementor-element elementor-element-6d413f7 elementor-widget elementor-widget-text-editor\" data-id=\"6d413f7\" data-element_type=\"widget\" data-widget_type=\"text-editor.default\">\n\t\t\t\t<div class=\"elementor-widget-container\">\n\t\t\t<style>\/*! elementor - v3.15.0 - 02-08-2023 *\/\n.elementor-widget-text-editor.elementor-drop-cap-view-stacked .elementor-drop-cap{background-color:#69727d;color:#fff}.elementor-widget-text-editor.elementor-drop-cap-view-framed .elementor-drop-cap{color:#69727d;border:3px solid;background-color:transparent}.elementor-widget-text-editor:not(.elementor-drop-cap-view-default) .elementor-drop-cap{margin-top:8px}.elementor-widget-text-editor:not(.elementor-drop-cap-view-default) .elementor-drop-cap-letter{width:1em;height:1em}.elementor-widget-text-editor .elementor-drop-cap{float:left;text-align:center;line-height:1;font-size:50px}.elementor-widget-text-editor .elementor-drop-cap-letter{display:inline-block}<\/style>\t\t\t\t<p><span>Il s\u2019agit d\u2019un groupe de domaines esth\u00e9tiques qui sont devenus tr\u00e8s populaires aupr\u00e8s des gens ces derni\u00e8res ann\u00e9es. La premi\u00e8re chose qui vient \u00e0 l\u2019esprit en termes d\u2019esth\u00e9tique corporelle, ce sont les interventions chirurgicales qui sont r\u00e9alis\u00e9es pour capturer les zones flasques, d\u00e9form\u00e9es et fissur\u00e9es du corps humain \u00e0 l\u2019aide de la chirurgie esth\u00e9tique et pour leur donner une nouvelle apparence plus belle.<\/span><\/p>\n<p><span>Il existe certaines r\u00e9gions et proc\u00e9dures dans le domaine de l&rsquo;esth\u00e9tique corporelle. Ces domaines et processus sont les suivants : liposuccion, esth\u00e9tique du sein, chirurgie du contour du corps, lifting des fesses, lifting des cuisses, lifting des bras, mini lifting du visage, mini lifting abdominal et chirurgie de lifting abdominal complet.<\/span><\/p>\n<p><span>Vous avez la possibilit\u00e9 de reprendre une vie normale 15 jours apr\u00e8s les op\u00e9rations. Il est interdit de faire des sports lourds pendant 45 jours. Apr\u00e8s 30 jours, des sports l\u00e9gers comme la marche et le jogging peuvent \u00eatre commenc\u00e9s.<\/span><\/p>\n\t\t\t\t\t\t<\/div>\n\t\t\t\t<\/div>\n\t\t\t\t\t<\/div>\n\t\t<\/div>\n\t\t\t\t\t\t\t<\/div>\n\t\t<\/section>\n\t\t\t\t\t\t\t<\/div>\n\t\t","protected":false},"excerpt":{"rendered":"<p>Nose Aesthetics (Rhinoplasty) Face and Neck Lifting in Turkey Endoscopic Eyebrow Lift in Turkey Deep Plane Facelift in Turkey Endoscopic Mid-Face Lift in Turkey Eyelid Aesthetic in Turkey Il s\u2019agit d\u2019un groupe de domaines esth\u00e9tiques qui sont devenus tr\u00e8s populaires aupr\u00e8s des gens ces derni\u00e8res ann\u00e9es. La premi\u00e8re chose qui vient \u00e0 l\u2019esprit en termes [&hellip;]<\/p>\n","protected":false},"author":1,"featured_media":0,"parent":40167,"menu_order":0,"comment_status":"closed","ping_status":"closed","template":"","meta":{"inline_featured_image":false,"footnotes":""},"tags":[],"_links":{"self":[{"href":"https:\/\/mayclinik.com\/fr\/wp-json\/wp\/v2\/pages\/40187"}],"collection":[{"href":"https:\/\/mayclinik.com\/fr\/wp-json\/wp\/v2\/pages"}],"about":[{"href":"https:\/\/mayclinik.com\/fr\/wp-json\/wp\/v2\/types\/page"}],"author":[{"embeddable":true,"href":"https:\/\/mayclinik.com\/fr\/wp-json\/wp\/v2\/users\/1"}],"replies":[{"embeddable":true,"href":"https:\/\/mayclinik.com\/fr\/wp-json\/wp\/v2\/comments?post=40187"}],"version-history":[{"count":5,"href":"https:\/\/mayclinik.com\/fr\/wp-json\/wp\/v2\/pages\/40187\/revisions"}],"predecessor-version":[{"id":44016,"href":"https:\/\/mayclinik.com\/fr\/wp-json\/wp\/v2\/pages\/40187\/revisions\/44016"}],"up":[{"embeddable":true,"href":"https:\/\/mayclinik.com\/fr\/wp-json\/wp\/v2\/pages\/40167"}],"wp:attachment":[{"href":"https:\/\/mayclinik.com\/fr\/wp-json\/wp\/v2\/media?parent=40187"}],"wp:term":[{"taxonomy":"post_tag","embeddable":true,"href":"https:\/\/mayclinik.com\/fr\/wp-json\/wp\/v2\/tags?post=40187"}],"curies":[{"name":"wp","href":"https:\/\/api.w.org\/{rel}","templated":true}]}}