{"id":40167,"date":"2023-08-30T01:54:32","date_gmt":"2023-08-29T22:54:32","guid":{"rendered":"https:\/\/mayclinik.com\/chirurgie-plastique-en-turquie\/"},"modified":"2025-05-08T13:04:50","modified_gmt":"2025-05-08T10:04:50","slug":"chirurgie-plastique-en-turquie","status":"publish","type":"page","link":"https:\/\/mayclinik.com\/fr\/chirurgie-plastique-en-turquie\/","title":{"rendered":"Chirurgie Plastique en Turquie"},"content":{"rendered":"\t\t<div data-elementor-type=\"wp-page\" data-elementor-id=\"40167\" class=\"elementor elementor-40167 elementor-29717\" data-elementor-post-type=\"page\">\n\t\t\t\t\t\t\t\t\t<section class=\"elementor-section elementor-top-section elementor-element elementor-element-77f4017 elementor-section-stretched elementor-section-boxed elementor-section-height-default elementor-section-height-default\" data-id=\"77f4017\" data-element_type=\"section\" data-settings=\"{&quot;stretch_section&quot;:&quot;section-stretched&quot;}\">\n\t\t\t\t\t\t<div class=\"elementor-container elementor-column-gap-default\">\n\t\t\t\t\t<div class=\"elementor-column elementor-col-100 elementor-top-column elementor-element elementor-element-1f5a768\" data-id=\"1f5a768\" data-element_type=\"column\">\n\t\t\t<div class=\"elementor-widget-wrap elementor-element-populated\">\n\t\t\t\t\t\t\t\t<div class=\"elementor-element elementor-element-17b0912 box-align-center elementor-widget elementor-widget-smartic-media-carousel\" data-id=\"17b0912\" data-element_type=\"widget\" data-widget_type=\"smartic-media-carousel.default\">\n\t\t\t\t<div class=\"elementor-widget-container\">\n\t\t\t        <div class=\"smartic-media-carousel-wrapper\">\n            <div class=\"row media_style3\" data-elementor-columns=\"3\" data-elementor-columns-tablet=\"2\" data-elementor-columns-mobile=\"2\">\n                                    <div class=\"column-item elementor-image-item\">\n                    <a href=\"\/body-aesthetics-turkey\/\"   aria-label=\"Esth\u00e9tique Du Corps\">                    <div class=\"elementor-image-item__wrapper\">\n                            <div class=\"elementor-image-item__wrapper-inner\">\n                                            <div class=\"elementor-media-carousel__img\">\n                <img loading=\"lazy\" width=\"400\" height=\"400\" src=\"https:\/\/mayclinik.com\/wp-content\/uploads\/2023\/09\/body-aes.jpg\" class=\"attachment-full size-full wp-image-33058\" alt=\"\" decoding=\"async\" \/>                <span class=\"media-carousel-background\"><\/span>\n            <\/div>\n                                        <div class=\"elementor-media-carousel__content\">\n                                    <div class=\"elementor-media-carousel__content-inner\">\n                                        <div class=\"title\"><a href=\"\/body-aesthetics-turkey\/\"  title=\"Esth\u00e9tique Du Corps\">Esth\u00e9tique Du Corps<\/a><\/div>                                    <\/div>\n                                <\/div><\/a>\n                            <\/div>\n                        <\/div>\n                    <\/div>\n                                    <div class=\"column-item elementor-image-item\">\n                    <a href=\"\/face-aesthetics-turkey\/\"   aria-label=\"Esth\u00e9tique Du Visage\">                    <div class=\"elementor-image-item__wrapper\">\n                            <div class=\"elementor-image-item__wrapper-inner\">\n                                            <div class=\"elementor-media-carousel__img\">\n                <img loading=\"lazy\" width=\"400\" height=\"400\" src=\"https:\/\/mayclinik.com\/wp-content\/uploads\/2023\/09\/face-aestetic.jpg\" class=\"attachment-full size-full wp-image-33076\" alt=\"\" decoding=\"async\" \/>                <span class=\"media-carousel-background\"><\/span>\n            <\/div>\n                                        <div class=\"elementor-media-carousel__content\">\n                                    <div class=\"elementor-media-carousel__content-inner\">\n                                        <div class=\"title\"><a href=\"\/face-aesthetics-turkey\/\"  title=\"Esth\u00e9tique Du Visage\">Esth\u00e9tique Du Visage<\/a><\/div>                                    <\/div>\n                                <\/div><\/a>\n                            <\/div>\n                        <\/div>\n                    <\/div>\n                                    <div class=\"column-item elementor-image-item\">\n                    <a href=\"\/breast-aesthetics-turkey\/\"   aria-label=\"Esth\u00e9tique Du Sein\">                    <div class=\"elementor-image-item__wrapper\">\n                            <div class=\"elementor-image-item__wrapper-inner\">\n                                            <div class=\"elementor-media-carousel__img\">\n                <img loading=\"lazy\" width=\"400\" height=\"400\" src=\"https:\/\/mayclinik.com\/wp-content\/uploads\/2023\/09\/breast-aestetic.jpg\" class=\"attachment-full size-full wp-image-33064\" alt=\"\" decoding=\"async\" \/>                <span class=\"media-carousel-background\"><\/span>\n            <\/div>\n                                        <div class=\"elementor-media-carousel__content\">\n                                    <div class=\"elementor-media-carousel__content-inner\">\n                                        <div class=\"title\"><a href=\"\/breast-aesthetics-turkey\/\"  title=\"Esth\u00e9tique Du Sein\">Esth\u00e9tique Du Sein<\/a><\/div>                                    <\/div>\n                                <\/div><\/a>\n                            <\/div>\n                        <\/div>\n                    <\/div>\n                            <\/div>\n        <\/div>\n        \t\t<\/div>\n\t\t\t\t<\/div>\n\t\t\t\t\t<\/div>\n\t\t<\/div>\n\t\t\t\t\t\t\t<\/div>\n\t\t<\/section>\n\t\t\t\t<section class=\"elementor-section elementor-top-section elementor-element elementor-element-5d1033c elementor-section-stretched elementor-section-boxed elementor-section-height-default elementor-section-height-default\" data-id=\"5d1033c\" data-element_type=\"section\" data-settings=\"{&quot;stretch_section&quot;:&quot;section-stretched&quot;,&quot;background_background&quot;:&quot;classic&quot;}\">\n\t\t\t\t\t\t<div class=\"elementor-container elementor-column-gap-default\">\n\t\t\t\t\t<div class=\"elementor-column elementor-col-100 elementor-top-column elementor-element elementor-element-2a19939\" data-id=\"2a19939\" data-element_type=\"column\">\n\t\t\t<div class=\"elementor-widget-wrap elementor-element-populated\">\n\t\t\t\t\t\t\t\t<div class=\"elementor-element elementor-element-6d413f7 elementor-widget elementor-widget-text-editor\" data-id=\"6d413f7\" data-element_type=\"widget\" data-widget_type=\"text-editor.default\">\n\t\t\t\t<div class=\"elementor-widget-container\">\n\t\t\t<style>\/*! elementor - v3.15.0 - 02-08-2023 *\/\n.elementor-widget-text-editor.elementor-drop-cap-view-stacked .elementor-drop-cap{background-color:#69727d;color:#fff}.elementor-widget-text-editor.elementor-drop-cap-view-framed .elementor-drop-cap{color:#69727d;border:3px solid;background-color:transparent}.elementor-widget-text-editor:not(.elementor-drop-cap-view-default) .elementor-drop-cap{margin-top:8px}.elementor-widget-text-editor:not(.elementor-drop-cap-view-default) .elementor-drop-cap-letter{width:1em;height:1em}.elementor-widget-text-editor .elementor-drop-cap{float:left;text-align:center;line-height:1;font-size:50px}.elementor-widget-text-editor .elementor-drop-cap-letter{display:inline-block}<\/style>\t\t\t\t<p>Il s\u2019agit d\u2019un ensemble de domaines esth\u00e9tiques qui sont devenus tr\u00e8s populaires aupr\u00e8s du public ces derni\u00e8res ann\u00e9es. Lorsque l\u2019on parle d\u2019esth\u00e9tique corporelle, la premi\u00e8re chose qui vient \u00e0 l\u2019esprit sont les interventions chirurgicales r\u00e9alis\u00e9es pour corriger les zones flasques, d\u00e9form\u00e9es ou affaiss\u00e9es du corps humain \u00e0 l\u2019aide de la chirurgie esth\u00e9tique, leur redonnant ainsi une nouvelle apparence plus belle.<\/p><p>Il existe diff\u00e9rentes r\u00e9gions et proc\u00e9dures dans le domaine de l&rsquo;esth\u00e9tique corporelle. Ces domaines et proc\u00e9dures comprennent notamment la liposuccion, l\u2019esth\u00e9tique du sein, la chirurgie de remodelage corporel, le lifting des fesses, le lifting des cuisses, le lifting des bras, le mini lifting du visage, le mini lifting abdominal et la chirurgie de lifting abdominal complet.<\/p><p><br \/>Il est possible de reprendre une vie normale environ 15 jours apr\u00e8s les op\u00e9rations. Il est d\u00e9conseill\u00e9 de pratiquer des sports intensifs pendant 45 jours. Cependant, apr\u00e8s 30 jours, des activit\u00e9s sportives l\u00e9g\u00e8res telles que la marche et le jogging peuvent \u00eatre reprises.<\/p>\t\t\t\t\t\t<\/div>\n\t\t\t\t<\/div>\n\t\t\t\t\t<\/div>\n\t\t<\/div>\n\t\t\t\t\t\t\t<\/div>\n\t\t<\/section>\n\t\t\t\t\t\t\t<\/div>\n\t\t","protected":false},"excerpt":{"rendered":"<p>Esth\u00e9tique Du Corps Esth\u00e9tique Du Visage Esth\u00e9tique Du Sein Il s\u2019agit d\u2019un ensemble de domaines esth\u00e9tiques qui sont devenus tr\u00e8s populaires aupr\u00e8s du public ces derni\u00e8res ann\u00e9es. Lorsque l\u2019on parle d\u2019esth\u00e9tique corporelle, la premi\u00e8re chose qui vient \u00e0 l\u2019esprit sont les interventions chirurgicales r\u00e9alis\u00e9es pour corriger les zones flasques, d\u00e9form\u00e9es ou affaiss\u00e9es du corps humain [&hellip;]<\/p>\n","protected":false},"author":1,"featured_media":0,"parent":0,"menu_order":0,"comment_status":"closed","ping_status":"closed","template":"","meta":{"inline_featured_image":false,"footnotes":""},"tags":[],"_links":{"self":[{"href":"https:\/\/mayclinik.com\/fr\/wp-json\/wp\/v2\/pages\/40167"}],"collection":[{"href":"https:\/\/mayclinik.com\/fr\/wp-json\/wp\/v2\/pages"}],"about":[{"href":"https:\/\/mayclinik.com\/fr\/wp-json\/wp\/v2\/types\/page"}],"author":[{"embeddable":true,"href":"https:\/\/mayclinik.com\/fr\/wp-json\/wp\/v2\/users\/1"}],"replies":[{"embeddable":true,"href":"https:\/\/mayclinik.com\/fr\/wp-json\/wp\/v2\/comments?post=40167"}],"version-history":[{"count":5,"href":"https:\/\/mayclinik.com\/fr\/wp-json\/wp\/v2\/pages\/40167\/revisions"}],"predecessor-version":[{"id":43971,"href":"https:\/\/mayclinik.com\/fr\/wp-json\/wp\/v2\/pages\/40167\/revisions\/43971"}],"wp:attachment":[{"href":"https:\/\/mayclinik.com\/fr\/wp-json\/wp\/v2\/media?parent=40167"}],"wp:term":[{"taxonomy":"post_tag","embeddable":true,"href":"https:\/\/mayclinik.com\/fr\/wp-json\/wp\/v2\/tags?post=40167"}],"curies":[{"name":"wp","href":"https:\/\/api.w.org\/{rel}","templated":true}]}}