{"id":40130,"date":"2023-08-30T00:29:34","date_gmt":"2023-08-29T21:29:34","guid":{"rendered":"https:\/\/mayclinik.com\/techniques-de-greffe-de-cheveux-en-turquie\/"},"modified":"2024-04-04T00:57:53","modified_gmt":"2024-04-03T21:57:53","slug":"techniques-de-greffe-de-cheveux-en-turquie","status":"publish","type":"page","link":"https:\/\/mayclinik.com\/fr\/techniques-de-greffe-de-cheveux-en-turquie\/","title":{"rendered":"Techniques de greffe de cheveux en Turquie"},"content":{"rendered":"\t\t<div data-elementor-type=\"wp-page\" data-elementor-id=\"40130\" class=\"elementor elementor-40130 elementor-29574\" data-elementor-post-type=\"page\">\n\t\t\t\t\t\t\t\t\t<section class=\"elementor-section elementor-top-section elementor-element elementor-element-77f4017 elementor-section-stretched elementor-section-boxed elementor-section-height-default elementor-section-height-default\" data-id=\"77f4017\" data-element_type=\"section\" data-settings=\"{&quot;stretch_section&quot;:&quot;section-stretched&quot;}\">\n\t\t\t\t\t\t<div class=\"elementor-container elementor-column-gap-default\">\n\t\t\t\t\t<div class=\"elementor-column elementor-col-100 elementor-top-column elementor-element elementor-element-1f5a768\" data-id=\"1f5a768\" data-element_type=\"column\">\n\t\t\t<div class=\"elementor-widget-wrap elementor-element-populated\">\n\t\t\t\t\t\t\t\t<div class=\"elementor-element elementor-element-17b0912 box-align-center elementor-widget elementor-widget-smartic-media-carousel\" data-id=\"17b0912\" data-element_type=\"widget\" data-widget_type=\"smartic-media-carousel.default\">\n\t\t\t\t<div class=\"elementor-widget-container\">\n\t\t\t        <div class=\"smartic-media-carousel-wrapper\">\n            <div class=\"row media_style3\" data-elementor-columns=\"4\" data-elementor-columns-tablet=\"2\" data-elementor-columns-mobile=\"2\">\n                                    <div class=\"column-item elementor-image-item\">\n                    <a href=\"\/hair-transplant-turkey\/\"   aria-label=\"Greffe de cheveux en Turquie\">                    <div class=\"elementor-image-item__wrapper\">\n                            <div class=\"elementor-image-item__wrapper-inner\">\n                                            <div class=\"elementor-media-carousel__img\">\n                <img loading=\"lazy\" width=\"300\" height=\"300\" src=\"https:\/\/mayclinik.com\/wp-content\/uploads\/2023\/09\/hair-transplantt.jpg\" class=\"attachment-full size-full wp-image-33880\" alt=\"\" decoding=\"async\" \/>                <span class=\"media-carousel-background\"><\/span>\n            <\/div>\n                                        <div class=\"elementor-media-carousel__content\">\n                                    <div class=\"elementor-media-carousel__content-inner\">\n                                        <div class=\"title\"><a href=\"\/hair-transplant-turkey\/\"  title=\"Greffe de cheveux en Turquie\">Greffe de cheveux en Turquie<\/a><\/div>                                    <\/div>\n                                <\/div><\/a>\n                            <\/div>\n                        <\/div>\n                    <\/div>\n                                    <div class=\"column-item elementor-image-item\">\n                    <a href=\"\/dhi-method-turkey\/\"   aria-label=\"M\u00e9thode DHI en Turquie\">                    <div class=\"elementor-image-item__wrapper\">\n                            <div class=\"elementor-image-item__wrapper-inner\">\n                                            <div class=\"elementor-media-carousel__img\">\n                <img loading=\"lazy\" width=\"300\" height=\"300\" src=\"https:\/\/mayclinik.com\/wp-content\/uploads\/2023\/09\/dhi-method.jpeg\" class=\"attachment-full size-full wp-image-33868\" alt=\"\" decoding=\"async\" \/>                <span class=\"media-carousel-background\"><\/span>\n            <\/div>\n                                        <div class=\"elementor-media-carousel__content\">\n                                    <div class=\"elementor-media-carousel__content-inner\">\n                                        <div class=\"title\"><a href=\"\/dhi-method-turkey\/\"  title=\"M\u00e9thode DHI en Turquie\">M\u00e9thode DHI en Turquie<\/a><\/div>                                    <\/div>\n                                <\/div><\/a>\n                            <\/div>\n                        <\/div>\n                    <\/div>\n                                    <div class=\"column-item elementor-image-item\">\n                    <a href=\"\/eyebrow-transplant-turkey\/\"   aria-label=\"Greffe de sourcils en Turquie\">                    <div class=\"elementor-image-item__wrapper\">\n                            <div class=\"elementor-image-item__wrapper-inner\">\n                                            <div class=\"elementor-media-carousel__img\">\n                <img loading=\"lazy\" width=\"300\" height=\"300\" src=\"https:\/\/mayclinik.com\/wp-content\/uploads\/2023\/09\/eyebrow-1.jpeg\" class=\"attachment-full size-full wp-image-33922\" alt=\"\" decoding=\"async\" \/>                <span class=\"media-carousel-background\"><\/span>\n            <\/div>\n                                        <div class=\"elementor-media-carousel__content\">\n                                    <div class=\"elementor-media-carousel__content-inner\">\n                                        <div class=\"title\"><a href=\"\/eyebrow-transplant-turkey\/\"  title=\"Greffe de sourcils en Turquie\">Greffe de sourcils en Turquie<\/a><\/div>                                    <\/div>\n                                <\/div><\/a>\n                            <\/div>\n                        <\/div>\n                    <\/div>\n                                    <div class=\"column-item elementor-image-item\">\n                    <a href=\"\/beard-and-mustache-transplant-turkey\/\"   aria-label=\"Greffe de barbe et de moustache\">                    <div class=\"elementor-image-item__wrapper\">\n                            <div class=\"elementor-image-item__wrapper-inner\">\n                                            <div class=\"elementor-media-carousel__img\">\n                <img loading=\"lazy\" width=\"300\" height=\"300\" src=\"https:\/\/mayclinik.com\/wp-content\/uploads\/2023\/09\/beard.jpg\" class=\"attachment-full size-full wp-image-33091\" alt=\"\" decoding=\"async\" \/>                <span class=\"media-carousel-background\"><\/span>\n            <\/div>\n                                        <div class=\"elementor-media-carousel__content\">\n                                    <div class=\"elementor-media-carousel__content-inner\">\n                                        <div class=\"title\"><a href=\"\/beard-and-mustache-transplant-turkey\/\"  title=\"Greffe de barbe et de moustache\">Greffe de barbe et de moustache<\/a><\/div>                                    <\/div>\n                                <\/div><\/a>\n                            <\/div>\n                        <\/div>\n                    <\/div>\n                                    <div class=\"column-item elementor-image-item\">\n                    <a href=\"\/sapphire-percutaneous-method-turkey\/\"   aria-label=\"M\u00e9thode Percutan\u00e9e Saphir\">                    <div class=\"elementor-image-item__wrapper\">\n                            <div class=\"elementor-image-item__wrapper-inner\">\n                                            <div class=\"elementor-media-carousel__img\">\n                <img loading=\"lazy\" width=\"300\" height=\"300\" src=\"https:\/\/mayclinik.com\/wp-content\/uploads\/2023\/09\/sapphire-method.jpeg\" class=\"attachment-full size-full wp-image-33874\" alt=\"\" decoding=\"async\" \/>                <span class=\"media-carousel-background\"><\/span>\n            <\/div>\n                                        <div class=\"elementor-media-carousel__content\">\n                                    <div class=\"elementor-media-carousel__content-inner\">\n                                        <div class=\"title\"><a href=\"\/sapphire-percutaneous-method-turkey\/\"  title=\"M\u00e9thode Percutan\u00e9e Saphir\">M\u00e9thode Percutan\u00e9e Saphir<\/a><\/div>                                    <\/div>\n                                <\/div><\/a>\n                            <\/div>\n                        <\/div>\n                    <\/div>\n                            <\/div>\n        <\/div>\n        \t\t<\/div>\n\t\t\t\t<\/div>\n\t\t\t\t\t<\/div>\n\t\t<\/div>\n\t\t\t\t\t\t\t<\/div>\n\t\t<\/section>\n\t\t\t\t<section class=\"elementor-section elementor-top-section elementor-element elementor-element-5d1033c elementor-section-stretched elementor-section-boxed elementor-section-height-default elementor-section-height-default\" data-id=\"5d1033c\" data-element_type=\"section\" data-settings=\"{&quot;stretch_section&quot;:&quot;section-stretched&quot;,&quot;background_background&quot;:&quot;classic&quot;}\">\n\t\t\t\t\t\t<div class=\"elementor-container elementor-column-gap-default\">\n\t\t\t\t\t<div class=\"elementor-column elementor-col-100 elementor-top-column elementor-element elementor-element-2a19939\" data-id=\"2a19939\" data-element_type=\"column\">\n\t\t\t<div class=\"elementor-widget-wrap elementor-element-populated\">\n\t\t\t\t\t\t\t\t<div class=\"elementor-element elementor-element-6d413f7 elementor-widget elementor-widget-text-editor\" data-id=\"6d413f7\" data-element_type=\"widget\" data-widget_type=\"text-editor.default\">\n\t\t\t\t<div class=\"elementor-widget-container\">\n\t\t\t<style>\/*! elementor - v3.15.0 - 02-08-2023 *\/\n.elementor-widget-text-editor.elementor-drop-cap-view-stacked .elementor-drop-cap{background-color:#69727d;color:#fff}.elementor-widget-text-editor.elementor-drop-cap-view-framed .elementor-drop-cap{color:#69727d;border:3px solid;background-color:transparent}.elementor-widget-text-editor:not(.elementor-drop-cap-view-default) .elementor-drop-cap{margin-top:8px}.elementor-widget-text-editor:not(.elementor-drop-cap-view-default) .elementor-drop-cap-letter{width:1em;height:1em}.elementor-widget-text-editor .elementor-drop-cap{float:left;text-align:center;line-height:1;font-size:50px}.elementor-widget-text-editor .elementor-drop-cap-letter{display:inline-block}<\/style>\t\t\t\t<p>Il s\u2019agit d\u2019un groupe de domaines esth\u00e9tiques qui sont devenus tr\u00e8s populaires aupr\u00e8s des gens ces derni\u00e8res ann\u00e9es. La premi\u00e8re chose qui vient \u00e0 l\u2019esprit en termes d\u2019esth\u00e9tique corporelle, ce sont les interventions chirurgicales qui sont r\u00e9alis\u00e9es pour traiter les zones flasques, d\u00e9form\u00e9es et fissur\u00e9es du corps humain \u00e0 l\u2019aide de la chirurgie esth\u00e9tique et pour leur donner une nouvelle apparence plus belle.<\/p>\n<p><span>Il existe certaines r\u00e9gions et proc\u00e9dures dans le domaine de l&rsquo;esth\u00e9tique corporelle. Ces domaines et processus sont les suivants : liposuccion, esth\u00e9tique du sein, chirurgie du contour du corps, lifting des fesses, lifting des cuisses, lifting des bras, mini lifting du visage, mini lifting abdominal et chirurgie de lifting abdominal complet.<\/span><\/p>\n<p><span>Vous avez la possibilit\u00e9 de reprendre une vie normale 15 jours apr\u00e8s les op\u00e9rations. Il est interdit de faire des sports lourds pendant 45 jours. Apr\u00e8s 30 jours, des sports l\u00e9gers comme la marche et le jogging peuvent \u00eatre commenc\u00e9s.<\/span><\/p>\n\t\t\t\t\t\t<\/div>\n\t\t\t\t<\/div>\n\t\t\t\t\t<\/div>\n\t\t<\/div>\n\t\t\t\t\t\t\t<\/div>\n\t\t<\/section>\n\t\t\t\t\t\t\t<\/div>\n\t\t","protected":false},"excerpt":{"rendered":"<p>Greffe de cheveux en Turquie M\u00e9thode DHI en Turquie Greffe de sourcils en Turquie Greffe de barbe et de moustache M\u00e9thode Percutan\u00e9e Saphir Il s\u2019agit d\u2019un groupe de domaines esth\u00e9tiques qui sont devenus tr\u00e8s populaires aupr\u00e8s des gens ces derni\u00e8res ann\u00e9es. La premi\u00e8re chose qui vient \u00e0 l\u2019esprit en termes d\u2019esth\u00e9tique corporelle, ce sont les [&hellip;]<\/p>\n","protected":false},"author":1,"featured_media":0,"parent":0,"menu_order":0,"comment_status":"closed","ping_status":"closed","template":"","meta":{"inline_featured_image":false,"footnotes":""},"tags":[],"_links":{"self":[{"href":"https:\/\/mayclinik.com\/fr\/wp-json\/wp\/v2\/pages\/40130"}],"collection":[{"href":"https:\/\/mayclinik.com\/fr\/wp-json\/wp\/v2\/pages"}],"about":[{"href":"https:\/\/mayclinik.com\/fr\/wp-json\/wp\/v2\/types\/page"}],"author":[{"embeddable":true,"href":"https:\/\/mayclinik.com\/fr\/wp-json\/wp\/v2\/users\/1"}],"replies":[{"embeddable":true,"href":"https:\/\/mayclinik.com\/fr\/wp-json\/wp\/v2\/comments?post=40130"}],"version-history":[{"count":4,"href":"https:\/\/mayclinik.com\/fr\/wp-json\/wp\/v2\/pages\/40130\/revisions"}],"predecessor-version":[{"id":40134,"href":"https:\/\/mayclinik.com\/fr\/wp-json\/wp\/v2\/pages\/40130\/revisions\/40134"}],"wp:attachment":[{"href":"https:\/\/mayclinik.com\/fr\/wp-json\/wp\/v2\/media?parent=40130"}],"wp:term":[{"taxonomy":"post_tag","embeddable":true,"href":"https:\/\/mayclinik.com\/fr\/wp-json\/wp\/v2\/tags?post=40130"}],"curies":[{"name":"wp","href":"https:\/\/api.w.org\/{rel}","templated":true}]}}