{"id":40833,"date":"2023-08-14T18:34:06","date_gmt":"2023-08-14T15:34:06","guid":{"rendered":"https:\/\/mayclinik.com\/about-us\/"},"modified":"2026-04-21T14:56:29","modified_gmt":"2026-04-21T11:56:29","slug":"about-us","status":"publish","type":"page","link":"https:\/\/mayclinik.com\/de\/about-us\/","title":{"rendered":"\u00dcber Uns"},"content":{"rendered":"\t\t<div data-elementor-type=\"wp-page\" data-elementor-id=\"40833\" class=\"elementor elementor-40833 elementor-27222\" data-elementor-post-type=\"page\">\n\t\t\t\t\t\t\t\t\t<div class=\"elementor-section elementor-top-section elementor-element elementor-element-41aab14 elementor-section-boxed elementor-section-height-default elementor-section-height-default\" data-id=\"41aab14\" data-element_type=\"section\">\n\t\t\t\t\t\t<div class=\"elementor-container elementor-column-gap-no\">\n\t\t\t\t\t<div class=\"elementor-column elementor-col-50 elementor-top-column elementor-element elementor-element-b40c340\" data-id=\"b40c340\" data-element_type=\"column\">\n\t\t\t<div class=\"elementor-widget-wrap elementor-element-populated\">\n\t\t\t\t\t\t\t\t<div class=\"elementor-element elementor-element-ea321b3 elementor-widget elementor-widget-html\" data-id=\"ea321b3\" data-element_type=\"widget\" data-widget_type=\"html.default\">\n\t\t\t\t<div class=\"elementor-widget-container\">\n\t\t\t<style>\n  .may-wrap { font-family: 'Bromny', 'Segoe UI', Arial, sans-serif; color: #333; font-size: 15px; line-height: 1.8; max-width: 900px; margin: 0 auto; }\n  .may-wrap p { margin: 0 0 12px; }\n  .may-wrap .section-title { font-size: 17px; font-weight: 700; color: #00b5a5; margin: 32px 0 12px; padding-left: 14px; border-left: 4px solid #00b5a5; }\n  .may-wrap .dept-name { font-weight: 700; color: #00b5a5; }\n  .may-wrap .disclaimer { font-weight: 700; margin-top: 32px; padding-top: 16px; border-top: 2px solid #00b5a5; }\n<\/style>\n\n<div class=\"may-wrap\">\n\n  <p>MAYCLINIK (May Health Tourism Services) ist ein erstklassiger, international akkreditierter Anbieter von Gesundheitstourismus mit Hauptsitz in Istanbul und strategischen Koordinationsb\u00fcros in London und Deutschland. Seit 2017 sind wir darauf spezialisiert, internationale Patienten mit erstklassiger medizinischer Versorgung in der T\u00fcrkei zu verbinden \u2013 unterst\u00fctzt durch die <strong>TURSAB-Mitgliedschaft (11886)<\/strong> und die <strong>Akkreditierung des Gesundheitsministeriums (AK-0086)<\/strong>.<\/p>\n\n  <div class=\"section-title\">Unsere klinische Exzellenz: Vertrags\u00e4rzte &amp; Eliteeinrichtungen<\/div>\n\n  <p>Bei MAYCLINIK vermitteln wir nicht nur Behandlungen \u2013 wir gestalten ein erstklassiges medizinisches Erlebnis. Wir arbeiten ausschlie\u00dflich mit einem ausgew\u00e4hlten Netzwerk aus vertraglich gebundenen, zertifizierten Chirurgen und medizinischen Spezialisten zusammen, die f\u00fchrend auf ihrem jeweiligen Gebiet sind.<\/p>\n  <p>Um h\u00f6chste Patientensicherheit und klinischen Erfolg zu gew\u00e4hrleisten, werden alle chirurgischen Eingriffe in <strong>vollst\u00e4ndig ausgestatteten, akkreditierten Krankenh\u00e4usern<\/strong> durchgef\u00fchrt, wie dem renommierten <strong>Ac\u0131badem Hospital<\/strong>. Diese Einrichtungen bieten internationale Pflegestandards mit <strong>modernsten Operationss\u00e4len<\/strong> und umfassenden <strong>Intensivstationen (ICU)<\/strong> f\u00fcr maximale Sicherheit.<\/p>\n\n  <div class=\"section-title\">Eine spezialisierte Einheit f\u00fcr jeden Schritt Ihrer Reise<\/div>\n\n  <p>Wir sind \u00fcberzeugt, dass hochwertige Gesundheitsversorgung eine sorgf\u00e4ltige Organisation erfordert. MAYCLINIK arbeitet mit spezialisierten Abteilungen, die sicherstellen, dass jede Phase Ihrer Reise von einem Fachteam betreut wird:<\/p>\n  <p><span class=\"dept-name\">Beratungs- &amp; Planungseinheit:<\/span> Vor Ihrer Reise erstellen unsere Spezialisten detaillierte medizinische R\u00fcckmeldungen und individuelle Behandlungspl\u00e4ne durch Videoberatungen und fotografische Auswertungen.<\/p>\n  <p><span class=\"dept-name\">Hospitality-Team:<\/span> Von VIP-Flughafentransfers bis hin zu 5-Sterne-Unterk\u00fcnften sorgt unsere Logistikabteilung f\u00fcr einen reibungslosen und stressfreien Aufenthalt.<\/p>\n  <p><span class=\"dept-name\">Patientenmanagement-Abteilung:<\/span> Jedem Gast wird ein pers\u00f6nlicher Patientenmanager zugeteilt, der rund um die Uhr erreichbar ist und w\u00e4hrend des gesamten klinischen Prozesses in der Muttersprache des Patienten unterst\u00fctzt.<\/p>\n  <p><span class=\"dept-name\">Nachsorge &amp; Follow-Up-Abteilung:<\/span> Unser Engagement endet nicht mit der Operation. Unser spezialisiertes Nachsorgeteam h\u00e4lt nach Ihrer R\u00fcckkehr regelm\u00e4\u00dfigen Kontakt, um <strong>Ihren Genesungsverlauf zu begleiten und langfristige Zufriedenheit sowie Gesundheit sicherzustellen<\/strong>.<\/p>\n\n  <div class=\"section-title\">Bew\u00e4hrter Erfolg &amp; Internationale Anerkennung<\/div>\n\n  <p>Mit \u00fcber <strong>10.000+ erfolgreichen Behandlungen<\/strong> und dem <strong>WhatClinic Patient Service Award in drei aufeinanderfolgenden Jahren (2019\u20132021)<\/strong> ist MAYCLINIK ein verl\u00e4sslicher Partner in den Bereichen plastische Chirurgie, Haartransplantation, Zahn\u00e4sthetik und Gewichtsreduktionsoperationen.<\/p>\n  <p>Ihre Gesundheit ist eine Reise der Pr\u00e4zision. Bei MAYCLINIK begleiten wir jeden Schritt mit fachkundiger F\u00fcrsorge.<\/p>\n\n  <p class=\"disclaimer\">Die Behandlungen werden in Vertragseinrichtungen durchgef\u00fchrt, die \u00fcber eine Genehmigung f\u00fcr Gesundheitstourismus verf\u00fcgen.<\/p>\n\n<\/div>\t\t<\/div>\n\t\t\t\t<\/div>\n\t\t\t\t\t<\/div>\n\t\t<\/div>\n\t\t\t\t<div class=\"elementor-column elementor-col-50 elementor-top-column elementor-element elementor-element-af5f763\" data-id=\"af5f763\" data-element_type=\"column\">\n\t\t\t<div class=\"elementor-widget-wrap elementor-element-populated\">\n\t\t\t\t\t\t\t\t<div class=\"elementor-element elementor-element-f9c802a elementor-widget elementor-widget-video\" data-id=\"f9c802a\" data-element_type=\"widget\" data-settings=\"{&quot;youtube_url&quot;:&quot;https:\\\/\\\/www.youtube.com\\\/watch?v=cKzewf-8sJo&quot;,&quot;show_image_overlay&quot;:&quot;yes&quot;,&quot;image_overlay&quot;:{&quot;url&quot;:&quot;https:\\\/\\\/mayclinik.com\\\/wp-content\\\/uploads\\\/2024\\\/02\\\/how-about-getting-to-know-us-bet-1.jpg&quot;,&quot;id&quot;:39873,&quot;size&quot;:&quot;&quot;,&quot;alt&quot;:&quot;&quot;,&quot;source&quot;:&quot;library&quot;},&quot;video_type&quot;:&quot;youtube&quot;,&quot;controls&quot;:&quot;yes&quot;}\" data-widget_type=\"video.default\">\n\t\t\t\t<div class=\"elementor-widget-container\">\n\t\t\t<style>\/*! elementor - v3.15.0 - 02-08-2023 *\/\n.elementor-widget-video .elementor-widget-container{overflow:hidden;transform:translateZ(0)}.elementor-widget-video .elementor-wrapper{aspect-ratio:var(--video-aspect-ratio)}.elementor-widget-video .elementor-wrapper iframe,.elementor-widget-video .elementor-wrapper video{height:100%;width:100%;display:flex;border:none;background-color:#000}@supports not (aspect-ratio:1\/1){.elementor-widget-video .elementor-wrapper{position:relative;overflow:hidden;height:0;padding-bottom:calc(100% \/ var(--video-aspect-ratio))}.elementor-widget-video .elementor-wrapper iframe,.elementor-widget-video .elementor-wrapper video{position:absolute;top:0;right:0;bottom:0;left:0}}.elementor-widget-video .elementor-open-inline .elementor-custom-embed-image-overlay{position:absolute;top:0;right:0;bottom:0;left:0;background-size:cover;background-position:50%}.elementor-widget-video .elementor-custom-embed-image-overlay{cursor:pointer;text-align:center}.elementor-widget-video .elementor-custom-embed-image-overlay:hover .elementor-custom-embed-play i{opacity:1}.elementor-widget-video .elementor-custom-embed-image-overlay img{display:block;width:100%;aspect-ratio:var(--video-aspect-ratio);-o-object-fit:cover;object-fit:cover;-o-object-position:center center;object-position:center center}@supports not (aspect-ratio:1\/1){.elementor-widget-video .elementor-custom-embed-image-overlay{position:relative;overflow:hidden;height:0;padding-bottom:calc(100% \/ var(--video-aspect-ratio))}.elementor-widget-video .elementor-custom-embed-image-overlay img{position:absolute;top:0;right:0;bottom:0;left:0}}.elementor-widget-video .e-hosted-video .elementor-video{-o-object-fit:cover;object-fit:cover}.e-con-inner>.elementor-widget-video,.e-con>.elementor-widget-video{width:var(--container-widget-width);--flex-grow:var(--container-widget-flex-grow)}<\/style>\t\t<div class=\"elementor-wrapper elementor-open-inline\">\n\t\t\t<div class=\"elementor-video\"><\/div>\t\t\t\t<div class=\"elementor-custom-embed-image-overlay\" style=\"background-image: url(https:\/\/mayclinik.com\/wp-content\/uploads\/2024\/02\/how-about-getting-to-know-us-bet-1.jpg);\">\n\t\t\t\t\t\t\t\t\t\t\t\t\t\t\t\t<div class=\"elementor-custom-embed-play\" role=\"button\" aria-label=\"Play Video\" tabindex=\"0\">\n\t\t\t\t\t\t\t<svg aria-hidden=\"true\" class=\"e-font-icon-svg e-eicon-play\" viewBox=\"0 0 1000 1000\" xmlns=\"http:\/\/www.w3.org\/2000\/svg\"><path d=\"M838 162C746 71 633 25 500 25 371 25 258 71 163 162 71 254 25 367 25 500 25 633 71 746 163 837 254 929 367 979 500 979 633 979 746 933 838 837 929 746 975 633 975 500 975 367 929 254 838 162M808 192C892 279 933 379 933 500 933 621 892 725 808 808 725 892 621 938 500 938 379 938 279 896 196 808 113 725 67 621 67 500 67 379 108 279 196 192 279 108 383 62 500 62 621 62 721 108 808 192M438 392V642L642 517 438 392Z\"><\/path><\/svg>\t\t\t\t\t\t\t<span class=\"elementor-screen-only\">Play Video<\/span>\n\t\t\t\t\t\t<\/div>\n\t\t\t\t\t\t\t\t\t<\/div>\n\t\t\t\t\t<\/div>\n\t\t\t\t<\/div>\n\t\t\t\t<\/div>\n\t\t\t\t<div class=\"elementor-element elementor-element-15e9633 elementor-invisible elementor-widget elementor-widget-image\" data-id=\"15e9633\" data-element_type=\"widget\" data-settings=\"{&quot;_animation&quot;:&quot;bounceIn&quot;}\" data-widget_type=\"image.default\">\n\t\t\t\t<div class=\"elementor-widget-container\">\n\t\t\t<style>\/*! elementor - v3.15.0 - 02-08-2023 *\/\n.elementor-widget-image{text-align:center}.elementor-widget-image a{display:inline-block}.elementor-widget-image a img[src$=\".svg\"]{width:48px}.elementor-widget-image img{vertical-align:middle;display:inline-block}<\/style>\t\t\t\t\t\t\t\t\t\t\t\t\t<a href=\"https:\/\/mayclinik.com\/wp-content\/uploads\/2023\/09\/mayclinik-traval-agency3.jpg.jpg\" data-elementor-open-lightbox=\"yes\" data-elementor-lightbox-title=\"mayclinik-traval-agency3.jpg\" data-e-action-hash=\"#elementor-action%3Aaction%3Dlightbox%26settings%3DeyJpZCI6MzM4NTAsInVybCI6Imh0dHBzOlwvXC9tYXljbGluaWsuY29tXC93cC1jb250ZW50XC91cGxvYWRzXC8yMDIzXC8wOVwvbWF5Y2xpbmlrLXRyYXZhbC1hZ2VuY3kzLmpwZy5qcGcifQ%3D%3D\">\n\t\t\t\t\t\t\t<img decoding=\"async\" loading=\"lazy\" width=\"1003\" height=\"710\" src=\"https:\/\/mayclinik.com\/wp-content\/uploads\/2023\/09\/mayclinik-traval-agency3.jpg.jpg\" class=\"attachment-full size-full wp-image-33850\" alt=\"\" \/>\t\t\t\t\t\t\t\t<\/a>\n\t\t\t\t\t\t\t\t\t\t\t\t\t\t\t<\/div>\n\t\t\t\t<\/div>\n\t\t\t\t<section class=\"elementor-section elementor-inner-section elementor-element elementor-element-650eb19 elementor-section-boxed elementor-section-height-default elementor-section-height-default\" data-id=\"650eb19\" data-element_type=\"section\">\n\t\t\t\t\t\t<div class=\"elementor-container elementor-column-gap-no\">\n\t\t\t\t\t<div class=\"elementor-column elementor-col-100 elementor-inner-column elementor-element elementor-element-9f9f711\" data-id=\"9f9f711\" data-element_type=\"column\">\n\t\t\t<div class=\"elementor-widget-wrap elementor-element-populated\">\n\t\t\t\t\t\t\t\t<section class=\"elementor-section elementor-inner-section elementor-element elementor-element-3f5b8ec elementor-section-boxed elementor-section-height-default elementor-section-height-default\" data-id=\"3f5b8ec\" data-element_type=\"section\">\n\t\t\t\t\t\t<div class=\"elementor-container elementor-column-gap-default\">\n\t\t\t\t\t<div class=\"elementor-column elementor-col-100 elementor-inner-column elementor-element elementor-element-8589de6\" data-id=\"8589de6\" data-element_type=\"column\">\n\t\t\t<div class=\"elementor-widget-wrap elementor-element-populated\">\n\t\t\t\t\t\t\t\t<div class=\"elementor-element elementor-element-a299baf elementor-widget elementor-widget-shortcode\" data-id=\"a299baf\" data-element_type=\"widget\" data-widget_type=\"shortcode.default\">\n\t\t\t\t<div class=\"elementor-widget-container\">\n\t\t\t\t\t<div class=\"elementor-shortcode\"><pre class=\"ti-widget\"><template id=\"trustindex-google-widget-html\"><div class=\" ti-widget  ti-goog ti-disable-font ti-show-rating-text ti-review-text-mode-readmore ti-text-align-left\" data-no-translation=\"true\" data-time-locale=\"%d %s ago|today|day|days|week|weeks|month|months|year|years\" data-plugin-version=\"13.2.9\" data-layout-id=\"11\" data-layout-category=\"badge\" data-set-id=\"drop-shadow\" data-pid=\"\" data-language=\"en\" data-close-locale=\"Close\" data-css-version=\"2\" data-size=\"1\"> <div class=\"ti-widget-container\"> <a href=\"https:\/\/admin.trustindex.io\/api\/googleReview?place-id=ChIJLaC-Tcu3yhQRKhDQtM7nSx4\" role=\"button\" target=\"_blank\" rel=\"noopener nofollow\" class=\"ti-header ti-header-grid source-Google\"> <div class=\"ti-fade-container\"> <trustindex-image class=\"ti-platform-icon\" data-imgurl=\"https:\/\/cdn.trustindex.io\/assets\/platform\/Google\/icon.svg\" alt=\"Google\" width=\"20\" height=\"20\" loading=\"lazy\"><\/trustindex-image> <div class=\"ti-profile-details\"> <div class=\"ti-text\"> Google rating <\/div> <div class=\"ti-stars\"> <span class=\"ti-rating\">4.7<\/span> <trustindex-image class=\"ti-star\" data-imgurl=\"https:\/\/cdn.trustindex.io\/assets\/platform\/Google\/star\/f.svg\" alt=\"Google star 1\" width=\"17\" height=\"17\" loading=\"lazy\"><\/trustindex-image><trustindex-image class=\"ti-star\" data-imgurl=\"https:\/\/cdn.trustindex.io\/assets\/platform\/Google\/star\/f.svg\" alt=\"Google star 2\" width=\"17\" height=\"17\" loading=\"lazy\"><\/trustindex-image><trustindex-image class=\"ti-star\" data-imgurl=\"https:\/\/cdn.trustindex.io\/assets\/platform\/Google\/star\/f.svg\" alt=\"Google star 3\" width=\"17\" height=\"17\" loading=\"lazy\"><\/trustindex-image><trustindex-image class=\"ti-star\" data-imgurl=\"https:\/\/cdn.trustindex.io\/assets\/platform\/Google\/star\/f.svg\" alt=\"Google star 4\" width=\"17\" height=\"17\" loading=\"lazy\"><\/trustindex-image><trustindex-image class=\"ti-star\" data-imgurl=\"https:\/\/cdn.trustindex.io\/assets\/platform\/Google\/star\/h.svg\" alt=\"Google star 5.0.7\" width=\"17\" height=\"17\" loading=\"lazy\"><\/trustindex-image> <\/div> <\/div> <\/div> <\/a> <\/div> <\/div> <\/template><\/pre><div data-src=\"https:\/\/cdn.trustindex.io\/loader.js?wp-widget\" data-template-id=\"trustindex-google-widget-html\" data-css-url=\"https:\/\/mayclinik.com\/wp-content\/uploads\/trustindex-google-widget.css?1776758668\"><\/div><\/div>\n\t\t\t\t<\/div>\n\t\t\t\t<\/div>\n\t\t\t\t\t<\/div>\n\t\t<\/div>\n\t\t\t\t\t\t\t<\/div>\n\t\t<\/section>\n\t\t\t\t<div class=\"elementor-element elementor-element-70be80b elementor-widget elementor-widget-image\" data-id=\"70be80b\" data-element_type=\"widget\" data-widget_type=\"image.default\">\n\t\t\t\t<div class=\"elementor-widget-container\">\n\t\t\t\t\t\t\t\t\t\t\t\t\t\t\t\t<a href=\"https:\/\/www.trustpilot.com\/review\/mayclinik.com\" target=\"_blank\">\n\t\t\t\t\t\t\t<img decoding=\"async\" loading=\"lazy\" width=\"271\" height=\"205\" src=\"https:\/\/mayclinik.com\/wp-content\/uploads\/2023\/09\/Asset-11x.png\" class=\"attachment-full size-full wp-image-29997\" alt=\"\" \/>\t\t\t\t\t\t\t\t<\/a>\n\t\t\t\t\t\t\t\t\t\t\t\t\t\t\t<\/div>\n\t\t\t\t<\/div>\n\t\t\t\t<section class=\"elementor-section elementor-inner-section elementor-element elementor-element-7cbe33d elementor-section-boxed elementor-section-height-default elementor-section-height-default\" data-id=\"7cbe33d\" data-element_type=\"section\">\n\t\t\t\t\t\t<div class=\"elementor-container elementor-column-gap-default\">\n\t\t\t\t\t<div class=\"elementor-column elementor-col-50 elementor-inner-column elementor-element elementor-element-4dab1e3\" data-id=\"4dab1e3\" data-element_type=\"column\">\n\t\t\t<div class=\"elementor-widget-wrap elementor-element-populated\">\n\t\t\t\t\t\t\t\t<div class=\"elementor-element elementor-element-64a3f3b elementor-widget elementor-widget-image\" data-id=\"64a3f3b\" data-element_type=\"widget\" data-widget_type=\"image.default\">\n\t\t\t\t<div class=\"elementor-widget-container\">\n\t\t\t\t\t\t\t\t\t\t\t\t\t\t\t<img decoding=\"async\" loading=\"lazy\" width=\"1029\" height=\"371\" src=\"https:\/\/mayclinik.com\/wp-content\/uploads\/2023\/09\/registered-in-uk2.webp\" class=\"attachment-full size-full wp-image-29998\" alt=\"\" \/>\t\t\t\t\t\t\t\t\t\t\t\t\t\t\t<\/div>\n\t\t\t\t<\/div>\n\t\t\t\t\t<\/div>\n\t\t<\/div>\n\t\t\t\t<div class=\"elementor-column elementor-col-50 elementor-inner-column elementor-element elementor-element-588f156\" data-id=\"588f156\" data-element_type=\"column\">\n\t\t\t<div class=\"elementor-widget-wrap elementor-element-populated\">\n\t\t\t\t\t\t\t\t<div class=\"elementor-element elementor-element-10743bd elementor-widget__width-inherit elementor-widget elementor-widget-image\" data-id=\"10743bd\" data-element_type=\"widget\" data-widget_type=\"image.default\">\n\t\t\t\t<div class=\"elementor-widget-container\">\n\t\t\t\t\t\t\t\t\t\t\t\t\t\t\t<img decoding=\"async\" loading=\"lazy\" width=\"1029\" height=\"371\" src=\"https:\/\/mayclinik.com\/wp-content\/uploads\/2024\/01\/registered-in-deu.png\" class=\"attachment-full size-full wp-image-38772\" alt=\"\" \/>\t\t\t\t\t\t\t\t\t\t\t\t\t\t\t<\/div>\n\t\t\t\t<\/div>\n\t\t\t\t\t<\/div>\n\t\t<\/div>\n\t\t\t\t\t\t\t<\/div>\n\t\t<\/section>\n\t\t\t\t\t<\/div>\n\t\t<\/div>\n\t\t\t\t\t\t\t<\/div>\n\t\t<\/section>\n\t\t\t\t<section class=\"elementor-section elementor-inner-section elementor-element elementor-element-a423031 elementor-section-boxed elementor-section-height-default elementor-section-height-default\" data-id=\"a423031\" data-element_type=\"section\">\n\t\t\t\t\t\t<div class=\"elementor-container elementor-column-gap-no\">\n\t\t\t\t\t<div class=\"elementor-column elementor-col-33 elementor-inner-column elementor-element elementor-element-a3555ce\" data-id=\"a3555ce\" data-element_type=\"column\">\n\t\t\t<div class=\"elementor-widget-wrap\">\n\t\t\t\t\t\t\t\t\t<\/div>\n\t\t<\/div>\n\t\t\t\t<div class=\"elementor-column elementor-col-33 elementor-inner-column elementor-element elementor-element-9fa195d\" data-id=\"9fa195d\" data-element_type=\"column\">\n\t\t\t<div class=\"elementor-widget-wrap elementor-element-populated\">\n\t\t\t\t\t\t\t\t<div class=\"elementor-element elementor-element-1fedfe3 elementor-widget__width-inherit elementor-widget elementor-widget-image\" data-id=\"1fedfe3\" data-element_type=\"widget\" data-widget_type=\"image.default\">\n\t\t\t\t<div class=\"elementor-widget-container\">\n\t\t\t\t\t\t\t\t\t\t\t\t\t\t\t<img decoding=\"async\" loading=\"lazy\" width=\"1200\" height=\"630\" src=\"https:\/\/mayclinik.com\/wp-content\/uploads\/2023\/09\/30757889-53ef-4e20-9547-47c2cc5ab1c4.jpg\" class=\"attachment-full size-full wp-image-35834\" alt=\"\" \/>\t\t\t\t\t\t\t\t\t\t\t\t\t\t\t<\/div>\n\t\t\t\t<\/div>\n\t\t\t\t\t<\/div>\n\t\t<\/div>\n\t\t\t\t<div class=\"elementor-column elementor-col-33 elementor-inner-column elementor-element elementor-element-1d6c611\" data-id=\"1d6c611\" data-element_type=\"column\">\n\t\t\t<div class=\"elementor-widget-wrap\">\n\t\t\t\t\t\t\t\t\t<\/div>\n\t\t<\/div>\n\t\t\t\t\t\t\t<\/div>\n\t\t<\/section>\n\t\t\t\t\t<\/div>\n\t\t<\/div>\n\t\t\t\t\t\t\t<\/div>\n\t\t<\/div>\n\t\t\t\t\t\t\t<\/div>\n\t\t","protected":false},"excerpt":{"rendered":"<p>MAYCLINIK (May Health Tourism Services) ist ein erstklassiger, international akkreditierter Anbieter von Gesundheitstourismus mit Hauptsitz in Istanbul und strategischen Koordinationsb\u00fcros in London und Deutschland. Seit 2017 sind wir darauf spezialisiert, internationale Patienten mit erstklassiger medizinischer Versorgung in der T\u00fcrkei zu verbinden \u2013 unterst\u00fctzt durch die TURSAB-Mitgliedschaft (11886) und die Akkreditierung des Gesundheitsministeriums (AK-0086). Unsere klinische [&hellip;]<\/p>\n","protected":false},"author":1,"featured_media":0,"parent":0,"menu_order":0,"comment_status":"closed","ping_status":"closed","template":"","meta":{"inline_featured_image":false,"footnotes":""},"tags":[],"_links":{"self":[{"href":"https:\/\/mayclinik.com\/de\/wp-json\/wp\/v2\/pages\/40833"}],"collection":[{"href":"https:\/\/mayclinik.com\/de\/wp-json\/wp\/v2\/pages"}],"about":[{"href":"https:\/\/mayclinik.com\/de\/wp-json\/wp\/v2\/types\/page"}],"author":[{"embeddable":true,"href":"https:\/\/mayclinik.com\/de\/wp-json\/wp\/v2\/users\/1"}],"replies":[{"embeddable":true,"href":"https:\/\/mayclinik.com\/de\/wp-json\/wp\/v2\/comments?post=40833"}],"version-history":[{"count":5,"href":"https:\/\/mayclinik.com\/de\/wp-json\/wp\/v2\/pages\/40833\/revisions"}],"predecessor-version":[{"id":48384,"href":"https:\/\/mayclinik.com\/de\/wp-json\/wp\/v2\/pages\/40833\/revisions\/48384"}],"wp:attachment":[{"href":"https:\/\/mayclinik.com\/de\/wp-json\/wp\/v2\/media?parent=40833"}],"wp:term":[{"taxonomy":"post_tag","embeddable":true,"href":"https:\/\/mayclinik.com\/de\/wp-json\/wp\/v2\/tags?post=40833"}],"curies":[{"name":"wp","href":"https:\/\/api.w.org\/{rel}","templated":true}]}}