{"id":39976,"date":"2023-08-14T23:15:11","date_gmt":"2023-08-14T20:15:11","guid":{"rendered":"https:\/\/mayclinik.com\/why-turkey\/"},"modified":"2025-12-08T18:07:41","modified_gmt":"2025-12-08T15:07:41","slug":"why-turkey","status":"publish","type":"page","link":"https:\/\/mayclinik.com\/de\/why-turkey\/","title":{"rendered":"Warum die T\u00fcrkei?"},"content":{"rendered":"\t\t<div data-elementor-type=\"wp-page\" data-elementor-id=\"39976\" class=\"elementor elementor-39976 elementor-27428\" data-elementor-post-type=\"page\">\n\t\t\t\t\t\t\t\t\t<div class=\"elementor-section elementor-top-section elementor-element elementor-element-a63f763 elementor-section-stretched elementor-section-boxed elementor-section-height-default elementor-section-height-default\" data-id=\"a63f763\" data-element_type=\"section\" data-settings=\"{&quot;stretch_section&quot;:&quot;section-stretched&quot;,&quot;background_background&quot;:&quot;classic&quot;}\">\n\t\t\t\t\t\t<div class=\"elementor-container elementor-column-gap-no\">\n\t\t\t\t\t<div class=\"elementor-column elementor-col-100 elementor-top-column elementor-element elementor-element-35264b8\" data-id=\"35264b8\" data-element_type=\"column\">\n\t\t\t<div class=\"elementor-widget-wrap elementor-element-populated\">\n\t\t\t\t\t\t\t\t<div class=\"elementor-element elementor-element-aa24c87 elementor-widget elementor-widget-text-editor\" data-id=\"aa24c87\" data-element_type=\"widget\" data-widget_type=\"text-editor.default\">\n\t\t\t\t<div class=\"elementor-widget-container\">\n\t\t\t<style>\/*! elementor - v3.15.0 - 02-08-2023 *\/\n.elementor-widget-text-editor.elementor-drop-cap-view-stacked .elementor-drop-cap{background-color:#69727d;color:#fff}.elementor-widget-text-editor.elementor-drop-cap-view-framed .elementor-drop-cap{color:#69727d;border:3px solid;background-color:transparent}.elementor-widget-text-editor:not(.elementor-drop-cap-view-default) .elementor-drop-cap{margin-top:8px}.elementor-widget-text-editor:not(.elementor-drop-cap-view-default) .elementor-drop-cap-letter{width:1em;height:1em}.elementor-widget-text-editor .elementor-drop-cap{float:left;text-align:center;line-height:1;font-size:50px}.elementor-widget-text-editor .elementor-drop-cap-letter{display:inline-block}<\/style>\t\t\t\t<nav aria-label=\"breadcrumbs\" class=\"rank-math-breadcrumb\"><p><span class=\"last\">Home<\/span><\/p><\/nav>\t\t\t\t\t\t<\/div>\n\t\t\t\t<\/div>\n\t\t\t\t<div class=\"elementor-element elementor-element-6e9c25e elementor-widget elementor-widget-theme-post-title elementor-page-title elementor-widget-heading\" data-id=\"6e9c25e\" data-element_type=\"widget\" data-widget_type=\"theme-post-title.default\">\n\t\t\t\t<div class=\"elementor-widget-container\">\n\t\t\t<style>\/*! elementor - v3.15.0 - 02-08-2023 *\/\n.elementor-heading-title{padding:0;margin:0;line-height:1}.elementor-widget-heading .elementor-heading-title[class*=elementor-size-]>a{color:inherit;font-size:inherit;line-height:inherit}.elementor-widget-heading .elementor-heading-title.elementor-size-small{font-size:15px}.elementor-widget-heading .elementor-heading-title.elementor-size-medium{font-size:19px}.elementor-widget-heading .elementor-heading-title.elementor-size-large{font-size:29px}.elementor-widget-heading .elementor-heading-title.elementor-size-xl{font-size:39px}.elementor-widget-heading .elementor-heading-title.elementor-size-xxl{font-size:59px}<\/style><h1 class=\"elementor-heading-title elementor-size-default\"><span class=\"ez-toc-section\" id=\"warum-die-tuerkei\"><\/span>Warum die T\u00fcrkei?<span class=\"ez-toc-section-end\"><\/span><\/h1>\t\t<\/div>\n\t\t\t\t<\/div>\n\t\t\t\t\t<\/div>\n\t\t<\/div>\n\t\t\t\t\t\t\t<\/div>\n\t\t<\/div>\n\t\t\t\t<div class=\"elementor-section elementor-top-section elementor-element elementor-element-41aab14 elementor-section-boxed elementor-section-height-default elementor-section-height-default\" data-id=\"41aab14\" data-element_type=\"section\">\n\t\t\t\t\t\t<div class=\"elementor-container elementor-column-gap-no\">\n\t\t\t\t\t<div class=\"elementor-column elementor-col-100 elementor-top-column elementor-element elementor-element-b40c340\" data-id=\"b40c340\" data-element_type=\"column\">\n\t\t\t<div class=\"elementor-widget-wrap elementor-element-populated\">\n\t\t\t\t\t\t\t\t<div class=\"elementor-element elementor-element-159d5b2 elementor-widget__width-initial elementor-widget elementor-widget-text-editor\" data-id=\"159d5b2\" data-element_type=\"widget\" data-widget_type=\"text-editor.default\">\n\t\t\t\t<div class=\"elementor-widget-container\">\n\t\t\t\t\t\t\t<p>Die T\u00fcrkei z\u00e4hlt dank ihrer hochentwickelten Gesundheitsinfrastruktur sowie ihres starken touristischen Angebots zu den Top-10-Destinationen im weltweiten Medizintourismus. Der Gesundheitsreise-Sektor ist dort in den letzten Jahren stark gewachsen. Bereits 2017 reisten rund 700.000 internationale Patienten in die T\u00fcrkei, um medizinische Behandlungen in Anspruch zu nehmen.<\/p><p>Das Land ist nicht nur f\u00fcr seine Thermalquellen und seine gro\u00dfe Gastfreundschaft bekannt, sondern bietet auch eine erstklassige Hotelinfrastruktur mit Unterk\u00fcnften auf F\u00fcnf-Sterne-Niveau.<\/p><p>Die T\u00fcrkei verf\u00fcgt \u00fcber 50 von der Joint Commission International (JCI) akkreditierte Gesundheitseinrichtungen. Damit liegt sie weltweit auf Platz 2 nach der Anzahl der akkreditierten Kliniken. Die tats\u00e4chliche Zahl moderner, staatlich kontrollierter privater und \u00f6ffentlicher Einrichtungen ist sogar deutlich h\u00f6her.<\/p><div>Der Medizintourismus in der T\u00fcrkei bietet drei wesentliche Vorteile:<\/div><ol><li>Deutlich g\u00fcnstigere Preise,<\/li><li>Schneller Zugang zu hochwertiger medizinischer Versorgung und<\/li><li>Behandlungen nach internationalen Standards.<\/li><\/ol><div>Viele medizinische Eingriffe kosten 50 bis 70 % weniger als vergleichbare Behandlungen in der EU \u2013 ohne Abstriche bei Qualit\u00e4t oder Sicherheit.<\/div><div>\u00a0<\/div><div>Heute z\u00e4hlt die T\u00fcrkei zu den beliebtesten L\u00e4ndern f\u00fcr Medizintouristen. Kliniken bieten moderne Behandlungsmethoden, neueste Medizintechnik und ein hohes Ma\u00df an Patientenkomfort. Dar\u00fcber hinaus profitiert der Gesundheitstourismus von weiteren St\u00e4rken des Landes:<\/div><ul><li>JCI-akkreditierte, gut ausgestattete Krankenh\u00e4user<\/li><li>Hohe Qualit\u00e4t der Gesundheitsdienstleistungen<\/li><li>Wettbewerbsf\u00e4hige Preise<\/li><li>Gastfreundschaft und kulturelle Vielfalt<\/li><li>Strategisch g\u00fcnstige geografische Lage<\/li><li>Reiche Natur-, Kultur- und Tourismusattraktionen<\/li><\/ul>\t\t\t\t\t\t<\/div>\n\t\t\t\t<\/div>\n\t\t\t\t\t<\/div>\n\t\t<\/div>\n\t\t\t\t\t\t\t<\/div>\n\t\t<\/div>\n\t\t\t\t<section class=\"elementor-section elementor-top-section elementor-element elementor-element-72a9845 elementor-section-content-middle elementor-section-boxed elementor-section-height-default elementor-section-height-default\" data-id=\"72a9845\" data-element_type=\"section\">\n\t\t\t\t\t\t<div class=\"elementor-container elementor-column-gap-default\">\n\t\t\t\t\t<div class=\"elementor-column elementor-col-100 elementor-top-column elementor-element elementor-element-87e3644\" data-id=\"87e3644\" data-element_type=\"column\">\n\t\t\t<div class=\"elementor-widget-wrap elementor-element-populated\">\n\t\t\t\t\t\t\t\t<div class=\"elementor-element elementor-element-15e9633 elementor-invisible elementor-widget elementor-widget-image\" data-id=\"15e9633\" data-element_type=\"widget\" data-settings=\"{&quot;_animation&quot;:&quot;bounceIn&quot;}\" data-widget_type=\"image.default\">\n\t\t\t\t<div class=\"elementor-widget-container\">\n\t\t\t<style>\/*! elementor - v3.15.0 - 02-08-2023 *\/\n.elementor-widget-image{text-align:center}.elementor-widget-image a{display:inline-block}.elementor-widget-image a img[src$=\".svg\"]{width:48px}.elementor-widget-image img{vertical-align:middle;display:inline-block}<\/style>\t\t\t\t\t\t\t\t\t\t\t\t<img decoding=\"async\" loading=\"lazy\" width=\"1300\" height=\"350\" src=\"https:\/\/mayclinik.com\/wp-content\/uploads\/2023\/09\/saglik-turizmi1.jpg.jpg\" class=\"attachment-full size-full wp-image-33862\" alt=\"\" \/>\t\t\t\t\t\t\t\t\t\t\t\t\t\t\t<\/div>\n\t\t\t\t<\/div>\n\t\t\t\t\t<\/div>\n\t\t<\/div>\n\t\t\t\t\t\t\t<\/div>\n\t\t<\/section>\n\t\t\t\t<section class=\"elementor-section elementor-top-section elementor-element elementor-element-4a4c249 elementor-section-boxed elementor-section-height-default elementor-section-height-default\" data-id=\"4a4c249\" data-element_type=\"section\">\n\t\t\t\t\t\t<div class=\"elementor-container elementor-column-gap-default\">\n\t\t\t\t\t<div class=\"elementor-column elementor-col-100 elementor-top-column elementor-element elementor-element-1fce43b\" data-id=\"1fce43b\" data-element_type=\"column\">\n\t\t\t<div class=\"elementor-widget-wrap\">\n\t\t\t\t\t\t\t\t\t<\/div>\n\t\t<\/div>\n\t\t\t\t\t\t\t<\/div>\n\t\t<\/section>\n\t\t\t\t\t\t\t<\/div>\n\t\t<div id=\"ez-toc-container\" class=\"ez-toc-v2_0_55 ez-toc-wrap-center counter-hierarchy ez-toc-counter ez-toc-light-blue ez-toc-container-direction\">\n<div class=\"ez-toc-title-container\">\n<p class=\"ez-toc-title \" >Table of Contents<\/p>\n<span class=\"ez-toc-title-toggle\"><a href=\"#\" class=\"ez-toc-pull-right ez-toc-btn ez-toc-btn-xs ez-toc-btn-default ez-toc-toggle\" aria-label=\"Toggle Table of Content\" role=\"button\"><label for=\"item-69e787661752c\" ><span class=\"\"><span style=\"display:none;\">Toggle<\/span><span class=\"ez-toc-icon-toggle-span\"><svg style=\"fill: #999;color:#999\" xmlns=\"http:\/\/www.w3.org\/2000\/svg\" class=\"list-377408\" width=\"20px\" height=\"20px\" viewBox=\"0 0 24 24\" fill=\"none\"><path d=\"M6 6H4v2h2V6zm14 0H8v2h12V6zM4 11h2v2H4v-2zm16 0H8v2h12v-2zM4 16h2v2H4v-2zm16 0H8v2h12v-2z\" fill=\"currentColor\"><\/path><\/svg><svg style=\"fill: #999;color:#999\" class=\"arrow-unsorted-368013\" xmlns=\"http:\/\/www.w3.org\/2000\/svg\" width=\"10px\" height=\"10px\" viewBox=\"0 0 24 24\" version=\"1.2\" baseProfile=\"tiny\"><path d=\"M18.2 9.3l-6.2-6.3-6.2 6.3c-.2.2-.3.4-.3.7s.1.5.3.7c.2.2.4.3.7.3h11c.3 0 .5-.1.7-.3.2-.2.3-.5.3-.7s-.1-.5-.3-.7zM5.8 14.7l6.2 6.3 6.2-6.3c.2-.2.3-.5.3-.7s-.1-.5-.3-.7c-.2-.2-.4-.3-.7-.3h-11c-.3 0-.5.1-.7.3-.2.2-.3.5-.3.7s.1.5.3.7z\"\/><\/svg><\/span><\/span><\/label><input aria-label=\"Toggle\" aria-label=\"item-69e787661752c\"  type=\"checkbox\" id=\"item-69e787661752c\"><\/a><\/span><\/div>\n<nav><ul class='ez-toc-list ez-toc-list-level-1 eztoc-toggle-hide-by-default' ><li class='ez-toc-page-1 ez-toc-heading-level-1'><a class=\"ez-toc-link ez-toc-heading-1\" href=\"https:\/\/mayclinik.com\/de\/why-turkey\/#warum-die-tuerkei\" title=\"Warum die T\u00fcrkei?\">Warum die T\u00fcrkei?<\/a><\/li><\/ul><\/nav><\/div>\n","protected":false},"excerpt":{"rendered":"<p>Die T\u00fcrkei z\u00e4hlt dank ihrer hochentwickelten Gesundheitsinfrastruktur sowie ihres starken touristischen Angebots zu den Top-10-Destinationen im weltweiten Medizintourismus. Der Gesundheitsreise-Sektor ist dort in den letzten Jahren stark gewachsen. Bereits 2017 reisten rund 700.000 internationale Patienten in die T\u00fcrkei, um medizinische Behandlungen in Anspruch zu nehmen. Das Land ist nicht nur f\u00fcr seine Thermalquellen und seine [&hellip;]<\/p>\n","protected":false},"author":1,"featured_media":0,"parent":0,"menu_order":0,"comment_status":"closed","ping_status":"closed","template":"template-homepage.php","meta":{"inline_featured_image":false,"footnotes":""},"tags":[],"_links":{"self":[{"href":"https:\/\/mayclinik.com\/de\/wp-json\/wp\/v2\/pages\/39976"}],"collection":[{"href":"https:\/\/mayclinik.com\/de\/wp-json\/wp\/v2\/pages"}],"about":[{"href":"https:\/\/mayclinik.com\/de\/wp-json\/wp\/v2\/types\/page"}],"author":[{"embeddable":true,"href":"https:\/\/mayclinik.com\/de\/wp-json\/wp\/v2\/users\/1"}],"replies":[{"embeddable":true,"href":"https:\/\/mayclinik.com\/de\/wp-json\/wp\/v2\/comments?post=39976"}],"version-history":[{"count":5,"href":"https:\/\/mayclinik.com\/de\/wp-json\/wp\/v2\/pages\/39976\/revisions"}],"predecessor-version":[{"id":46504,"href":"https:\/\/mayclinik.com\/de\/wp-json\/wp\/v2\/pages\/39976\/revisions\/46504"}],"wp:attachment":[{"href":"https:\/\/mayclinik.com\/de\/wp-json\/wp\/v2\/media?parent=39976"}],"wp:term":[{"taxonomy":"post_tag","embeddable":true,"href":"https:\/\/mayclinik.com\/de\/wp-json\/wp\/v2\/tags?post=39976"}],"curies":[{"name":"wp","href":"https:\/\/api.w.org\/{rel}","templated":true}]}}